{"id":64394,"date":"2023-05-15T16:32:02","date_gmt":"2023-05-15T14:32:02","guid":{"rendered":"https:\/\/octaedro.com\/?post_type=product&#038;p=64394"},"modified":"2023-05-16T17:33:56","modified_gmt":"2023-05-16T15:33:56","slug":"mujeres-en-la-educacion-universitaria-de-ciencia-ingenieria-tecnologia-y-matematicas","status":"publish","type":"product","link":"https:\/\/wizardly-davinci.82-223-8-23.plesk.page\/en\/producto\/mujeres-en-la-educacion-universitaria-de-ciencia-ingenieria-tecnologia-y-matematicas\/","title":{"rendered":"Mujeres en la educaci\u00f3n universitaria de ciencia, ingenier\u00eda, tecnolog\u00eda y matem\u00e1ticas"},"content":{"rendered":"","protected":false},"excerpt":{"rendered":"<p>Las carreras en Ciencia, Tecnolog\u00eda, Ingenier\u00eda y Matem\u00e1ticas (STEM por sus siglas en ingl\u00e9s) han sido tradicionalmente estudiadas por hombres. Los estudios hispanoamericanos muestran que, en estos pa\u00edses, la brecha de g\u00e9nero tanto en la atracci\u00f3n como en la retenci\u00f3n y graduaci\u00f3n en carreras STEM es significativa, con unos resultados que se ajustan a los intereses y necesidades personales de las mujeres. Sin embargo, dichos intereses y necesidades se ven modulados por los sesgos y estereotipos sociales con los que crecen. En este contexto, es necesario continuar investigando qu\u00e9 factores influyen en las decisiones de las mujeres a la hora de estudiar una carrera STEM, adem\u00e1s de crear mecanismos y pol\u00edticas institucionales para promover la atracci\u00f3n y el acceso, ofrecer acompa\u00f1amiento a lo largo de sus estudios universitarios y dar un seguimiento a su inserci\u00f3n al \u00e1mbito laboral.<\/p>\n<p>Con el objetivo de reducir la brecha de g\u00e9nero existente en \u00e1reas de STEM, este libro aborda los desaf\u00edos relacionados con la participaci\u00f3n de las mujeres en la educaci\u00f3n superior en estas \u00e1reas. Re\u00fane investigaciones, estudios, buenas pr\u00e1cticas y experiencias sobre el estado del arte, los factores de decisi\u00f3n y motivaci\u00f3n de estudio, pol\u00edticas institucionales, estrategias de retenci\u00f3n y las perspectivas de futuro de las mujeres en las disciplinas STEM en el nivel universitario. Los diferentes cap\u00edtulos ofrecen una descripci\u00f3n general de los hechos y enfoques implementados en Hispanoam\u00e9rica y proporcionan numerosos ejemplos de buenas pr\u00e1cticas que pueden transferirse a otras instituciones de educaci\u00f3n superior en la regi\u00f3n.<\/p>\n","protected":false},"featured_media":64395,"comment_status":"open","ping_status":"closed","template":"","meta":{"_et_pb_use_builder":"","_et_pb_old_content":"","_et_gb_content_width":""},"product_cat":[2873,6673],"product_tag":[7559],"edicion":[1084],"editoriales":[1160],"tienda":[],"autor_id":[23204,23209,18955,22608,23207],"universidades_coeditoras":[],"palabras_clave":[],"listado_alfabetico":[],"acf":[],"_links":{"self":[{"href":"https:\/\/wizardly-davinci.82-223-8-23.plesk.page\/en\/wp-json\/wp\/v2\/product\/64394"}],"collection":[{"href":"https:\/\/wizardly-davinci.82-223-8-23.plesk.page\/en\/wp-json\/wp\/v2\/product"}],"about":[{"href":"https:\/\/wizardly-davinci.82-223-8-23.plesk.page\/en\/wp-json\/wp\/v2\/types\/product"}],"replies":[{"embeddable":true,"href":"https:\/\/wizardly-davinci.82-223-8-23.plesk.page\/en\/wp-json\/wp\/v2\/comments?post=64394"}],"wp:featuredmedia":[{"embeddable":true,"href":"https:\/\/wizardly-davinci.82-223-8-23.plesk.page\/en\/wp-json\/wp\/v2\/media\/64395"}],"wp:attachment":[{"href":"https:\/\/wizardly-davinci.82-223-8-23.plesk.page\/en\/wp-json\/wp\/v2\/media?parent=64394"}],"wp:term":[{"taxonomy":"product_cat","embeddable":true,"href":"https:\/\/wizardly-davinci.82-223-8-23.plesk.page\/en\/wp-json\/wp\/v2\/product_cat?post=64394"},{"taxonomy":"product_tag","embeddable":true,"href":"https:\/\/wizardly-davinci.82-223-8-23.plesk.page\/en\/wp-json\/wp\/v2\/product_tag?post=64394"},{"taxonomy":"edicion","embeddable":true,"href":"https:\/\/wizardly-davinci.82-223-8-23.plesk.page\/en\/wp-json\/wp\/v2\/edicion?post=64394"},{"taxonomy":"editoriales","embeddable":true,"href":"https:\/\/wizardly-davinci.82-223-8-23.plesk.page\/en\/wp-json\/wp\/v2\/editoriales?post=64394"},{"taxonomy":"tienda","embeddable":true,"href":"https:\/\/wizardly-davinci.82-223-8-23.plesk.page\/en\/wp-json\/wp\/v2\/tienda?post=64394"},{"taxonomy":"autor_id","embeddable":true,"href":"https:\/\/wizardly-davinci.82-223-8-23.plesk.page\/en\/wp-json\/wp\/v2\/autor_id?post=64394"},{"taxonomy":"universidades_coeditoras","embeddable":true,"href":"https:\/\/wizardly-davinci.82-223-8-23.plesk.page\/en\/wp-json\/wp\/v2\/universidades_coeditoras?post=64394"},{"taxonomy":"palabras_clave","embeddable":true,"href":"https:\/\/wizardly-davinci.82-223-8-23.plesk.page\/en\/wp-json\/wp\/v2\/palabras_clave?post=64394"},{"taxonomy":"listado_alfabetico","embeddable":true,"href":"https:\/\/wizardly-davinci.82-223-8-23.plesk.page\/en\/wp-json\/wp\/v2\/listado_alfabetico?post=64394"}],"curies":[{"name":"wp","href":"https:\/\/api.w.org\/{rel}","templated":true}]}}