{"id":64469,"date":"2023-05-23T16:08:48","date_gmt":"2023-05-23T14:08:48","guid":{"rendered":"https:\/\/octaedro.com\/?post_type=product&#038;p=64469"},"modified":"2023-07-07T11:43:29","modified_gmt":"2023-07-07T09:43:29","slug":"las-ciencias-sociales-y-su-didactica-pensamiento-historico-y-educacion-democratica","status":"publish","type":"product","link":"https:\/\/wizardly-davinci.82-223-8-23.plesk.page\/en\/producto\/las-ciencias-sociales-y-su-didactica-pensamiento-historico-y-educacion-democratica\/","title":{"rendered":"Las ciencias sociales y su did\u00e1ctica: pensamiento hist\u00f3rico y educaci\u00f3n democr\u00e1tica"},"content":{"rendered":"","protected":false},"excerpt":{"rendered":"<p><span data-contrast=\"none\">Diversos especialistas de las disciplinas sociales se unen en esta obra para rendir homenaje a Joaqu\u00edn Prats, catedr\u00e1tico de Did\u00e1ctica de las Ciencias Sociales, historiador riguroso, didacta y divulgador cient\u00edfico, que ha abierto camino al conocimiento hist\u00f3rico y social en las aulas, promoviendo la aplicaci\u00f3n del m\u00e9todo hist\u00f3rico en la formaci\u00f3n democr\u00e1tica de los j\u00f3venes.\u00a0<\/span><span data-ccp-props=\"{&quot;134245417&quot;:false,&quot;201341983&quot;:0,&quot;335559739&quot;:170,&quot;335559740&quot;:288}\">\u00a0<\/span><\/p>\n<p><span data-contrast=\"none\">El volumen es una contribuci\u00f3n al valor formativo de las ciencias sociales en la educaci\u00f3n escolar y patrimonial, as\u00ed como en los \u00e1mbitos m\u00e1s informales del conocimiento. A tal fin, se recorren los inicios de la did\u00e1ctica del \u00e1rea en Espa\u00f1a e Iberoam\u00e9rica hasta la consolidaci\u00f3n como campo espec\u00edfico del conocimiento cient\u00edfico. Los autores comparten las inquietudes m\u00e1s relevantes que se presentan en el panorama actual del \u00e1rea, fruto de las investigaciones y de las experiencias de innovaci\u00f3n educativa llevadas a cabo en las aulas. Los temas de car\u00e1cter te\u00f3rico y de valor gnoseol\u00f3gico fundamentan en el texto los estudios sobre el material y el contenido escolar, la evaluaci\u00f3n formativa, la incorporaci\u00f3n de las nuevas tecnolog\u00edas y el reto de la alfabetizaci\u00f3n medi\u00e1tica, la visibilizaci\u00f3n de las mujeres como sujetos sociales, la educaci\u00f3n patrimonial, la memoria hist\u00f3rica y la educaci\u00f3n ciudadana, entre otros. Son temas que constituyen los ejes vertebradores sobre los cuales se ha de sustentar la formaci\u00f3n inicial y continua de los docentes, para comprender y analizar los fen\u00f3menos sociales en su complejidad.<\/span><span data-ccp-props=\"{&quot;134245417&quot;:false,&quot;201341983&quot;:0,&quot;335559739&quot;:170,&quot;335559740&quot;:288}\">\u00a0<\/span><\/p>\n<p><span data-contrast=\"none\">Entre nuevos y antiguos desaf\u00edos, los autores convienen en la creencia de que el futuro de la educaci\u00f3n tiene que contar con las disciplinas sociales para el desarrollo del pensamiento cr\u00edtico de las personas y la consolidaci\u00f3n de una conciencia social compartida, pilar de la cultura democr\u00e1tica.<\/span><span data-ccp-props=\"{&quot;134245417&quot;:false,&quot;201341983&quot;:0,&quot;335559739&quot;:170,&quot;335559740&quot;:288}\">\u00a0<\/span><\/p>\n","protected":false},"featured_media":64472,"comment_status":"open","ping_status":"closed","template":"","meta":{"_et_pb_use_builder":"","_et_pb_old_content":"","_et_gb_content_width":""},"product_cat":[6936,6675,6673],"product_tag":[2604],"edicion":[1084,1083],"editoriales":[1160],"tienda":[],"autor_id":[23237,23235,5974,23231],"universidades_coeditoras":[],"palabras_clave":[],"listado_alfabetico":[],"acf":[],"_links":{"self":[{"href":"https:\/\/wizardly-davinci.82-223-8-23.plesk.page\/en\/wp-json\/wp\/v2\/product\/64469"}],"collection":[{"href":"https:\/\/wizardly-davinci.82-223-8-23.plesk.page\/en\/wp-json\/wp\/v2\/product"}],"about":[{"href":"https:\/\/wizardly-davinci.82-223-8-23.plesk.page\/en\/wp-json\/wp\/v2\/types\/product"}],"replies":[{"embeddable":true,"href":"https:\/\/wizardly-davinci.82-223-8-23.plesk.page\/en\/wp-json\/wp\/v2\/comments?post=64469"}],"wp:featuredmedia":[{"embeddable":true,"href":"https:\/\/wizardly-davinci.82-223-8-23.plesk.page\/en\/wp-json\/wp\/v2\/media\/64472"}],"wp:attachment":[{"href":"https:\/\/wizardly-davinci.82-223-8-23.plesk.page\/en\/wp-json\/wp\/v2\/media?parent=64469"}],"wp:term":[{"taxonomy":"product_cat","embeddable":true,"href":"https:\/\/wizardly-davinci.82-223-8-23.plesk.page\/en\/wp-json\/wp\/v2\/product_cat?post=64469"},{"taxonomy":"product_tag","embeddable":true,"href":"https:\/\/wizardly-davinci.82-223-8-23.plesk.page\/en\/wp-json\/wp\/v2\/product_tag?post=64469"},{"taxonomy":"edicion","embeddable":true,"href":"https:\/\/wizardly-davinci.82-223-8-23.plesk.page\/en\/wp-json\/wp\/v2\/edicion?post=64469"},{"taxonomy":"editoriales","embeddable":true,"href":"https:\/\/wizardly-davinci.82-223-8-23.plesk.page\/en\/wp-json\/wp\/v2\/editoriales?post=64469"},{"taxonomy":"tienda","embeddable":true,"href":"https:\/\/wizardly-davinci.82-223-8-23.plesk.page\/en\/wp-json\/wp\/v2\/tienda?post=64469"},{"taxonomy":"autor_id","embeddable":true,"href":"https:\/\/wizardly-davinci.82-223-8-23.plesk.page\/en\/wp-json\/wp\/v2\/autor_id?post=64469"},{"taxonomy":"universidades_coeditoras","embeddable":true,"href":"https:\/\/wizardly-davinci.82-223-8-23.plesk.page\/en\/wp-json\/wp\/v2\/universidades_coeditoras?post=64469"},{"taxonomy":"palabras_clave","embeddable":true,"href":"https:\/\/wizardly-davinci.82-223-8-23.plesk.page\/en\/wp-json\/wp\/v2\/palabras_clave?post=64469"},{"taxonomy":"listado_alfabetico","embeddable":true,"href":"https:\/\/wizardly-davinci.82-223-8-23.plesk.page\/en\/wp-json\/wp\/v2\/listado_alfabetico?post=64469"}],"curies":[{"name":"wp","href":"https:\/\/api.w.org\/{rel}","templated":true}]}}