{"id":64480,"date":"2023-05-23T16:30:44","date_gmt":"2023-05-23T14:30:44","guid":{"rendered":"https:\/\/octaedro.com\/?post_type=product&#038;p=64480"},"modified":"2023-05-29T17:38:27","modified_gmt":"2023-05-29T15:38:27","slug":"el-analisis-social-del-ciberespacio","status":"publish","type":"product","link":"https:\/\/wizardly-davinci.82-223-8-23.plesk.page\/en\/producto\/el-analisis-social-del-ciberespacio\/","title":{"rendered":"El an\u00e1lisis social del ciberespacio"},"content":{"rendered":"","protected":false},"excerpt":{"rendered":"<p><i><span data-contrast=\"none\">El an\u00e1lisis social del ciberespacio<\/span><\/i><span data-contrast=\"none\"> versa sobre las relaciones sociales que se establecen a partir de la introducci\u00f3n de internet. Va dirigido a personas interesadas en las ciencias sociales, la comunicaci\u00f3n, la educaci\u00f3n, la psicolog\u00eda o el trabajo social. Y a quienes pretenden conocer un poco m\u00e1s sobre las causas y efectos de las nuevas tecnolog\u00edas de la informaci\u00f3n y la comunicaci\u00f3n.<\/span><span data-ccp-props=\"{&quot;134245417&quot;:false,&quot;201341983&quot;:2,&quot;335551550&quot;:1,&quot;335551620&quot;:1,&quot;335559731&quot;:0,&quot;335559739&quot;:170,&quot;335559740&quot;:220}\">\u00a0<\/span><\/p>\n<p><span data-contrast=\"none\">Los an\u00e1lisis que se presentan versan sobre qui\u00e9nes crean, proyectan y difunden los mundos <\/span><i><span data-contrast=\"none\">online<\/span><\/i><span data-contrast=\"none\">, con qui\u00e9nes interact\u00faan, con qu\u00e9 elementos crean, y, sobre todo, con qui\u00e9nes sufren los efectos colaterales de esas creaciones y proyecciones. As\u00ed, se ofrecen varios an\u00e1lisis que profundizan en los efectos de las TIC, la violencia en la red y su prevenci\u00f3n, as\u00ed como los valores sociales asociados a esas tecnolog\u00edas.\u00a0<\/span><span data-ccp-props=\"{&quot;134245417&quot;:false,&quot;201341983&quot;:2,&quot;335551550&quot;:1,&quot;335551620&quot;:1,&quot;335559731&quot;:0,&quot;335559739&quot;:170,&quot;335559740&quot;:220}\">\u00a0<\/span><\/p>\n<p><span data-contrast=\"none\">Son an\u00e1lisis que fueron expuestos en el marco del curso de verano: \u00abEl an\u00e1lisis social del ciberespacio\u00bb desarrollado en julio de 2022 en la Universidad de Almer\u00eda; despu\u00e9s han sido mejorados por cada uno de los autores\/as. En concreto, se analiza la influencia de las nuevas tecnolog\u00edas en el cerebro, la alfabetizaci\u00f3n en las TIC y las estrategias de control parental en los adolescentes, la din\u00e1mica de victimizaci\u00f3n de las mujeres y las ni\u00f1as en ambientes virtuales, la imagen del islam y del mundo \u00e1rabe en la prensa digital espa\u00f1ola, la islamofobia y la generaci\u00f3n de odio en los discursos ar\u00e1bico-espa\u00f1oles en Facebook, el uso de la contranarrativa en la lucha contra el terrorismo, el uso de las redes sociales por parte de las organizaciones terroristas, la intervenci\u00f3n temprana como m\u00e9todo de radicalizaci\u00f3n entre adolescentes y el valor de la tolerancia y el respeto hacia otras personas respecto a c\u00f3mo utilizamos las redes sociales.\u00a0<\/span><span data-ccp-props=\"{&quot;134245417&quot;:false,&quot;201341983&quot;:2,&quot;335551550&quot;:1,&quot;335551620&quot;:1,&quot;335559731&quot;:0,&quot;335559739&quot;:170,&quot;335559740&quot;:220}\">\u00a0<\/span><\/p>\n<p><span data-contrast=\"none\">La autor\u00eda de la obra est\u00e1 formada por profesorado e investigadores\/as de la Universidad de Almer\u00eda, pertenecientes principalmente al grupo de Investigaci\u00f3n Internacional Comparada (HUM-1028), un grupo de investigaci\u00f3n interdisciplinar especializado en valores, nuevas tecnolog\u00edas de la informaci\u00f3n y de la comunicaci\u00f3n, extremismo violento y discursos del odio.\u00a0<\/span><span data-ccp-props=\"{&quot;134245417&quot;:false,&quot;201341983&quot;:2,&quot;335551550&quot;:1,&quot;335551620&quot;:1,&quot;335559731&quot;:0,&quot;335559739&quot;:170,&quot;335559740&quot;:220}\">\u00a0<\/span><\/p>\n","protected":false},"featured_media":64485,"comment_status":"open","ping_status":"closed","template":"","meta":{"_et_pb_use_builder":"","_et_pb_old_content":"","_et_gb_content_width":""},"product_cat":[6936,6675],"product_tag":[2602],"edicion":[1083],"editoriales":[],"tienda":[],"autor_id":[22634],"universidades_coeditoras":[],"palabras_clave":[],"listado_alfabetico":[],"acf":[],"_links":{"self":[{"href":"https:\/\/wizardly-davinci.82-223-8-23.plesk.page\/en\/wp-json\/wp\/v2\/product\/64480"}],"collection":[{"href":"https:\/\/wizardly-davinci.82-223-8-23.plesk.page\/en\/wp-json\/wp\/v2\/product"}],"about":[{"href":"https:\/\/wizardly-davinci.82-223-8-23.plesk.page\/en\/wp-json\/wp\/v2\/types\/product"}],"replies":[{"embeddable":true,"href":"https:\/\/wizardly-davinci.82-223-8-23.plesk.page\/en\/wp-json\/wp\/v2\/comments?post=64480"}],"wp:featuredmedia":[{"embeddable":true,"href":"https:\/\/wizardly-davinci.82-223-8-23.plesk.page\/en\/wp-json\/wp\/v2\/media\/64485"}],"wp:attachment":[{"href":"https:\/\/wizardly-davinci.82-223-8-23.plesk.page\/en\/wp-json\/wp\/v2\/media?parent=64480"}],"wp:term":[{"taxonomy":"product_cat","embeddable":true,"href":"https:\/\/wizardly-davinci.82-223-8-23.plesk.page\/en\/wp-json\/wp\/v2\/product_cat?post=64480"},{"taxonomy":"product_tag","embeddable":true,"href":"https:\/\/wizardly-davinci.82-223-8-23.plesk.page\/en\/wp-json\/wp\/v2\/product_tag?post=64480"},{"taxonomy":"edicion","embeddable":true,"href":"https:\/\/wizardly-davinci.82-223-8-23.plesk.page\/en\/wp-json\/wp\/v2\/edicion?post=64480"},{"taxonomy":"editoriales","embeddable":true,"href":"https:\/\/wizardly-davinci.82-223-8-23.plesk.page\/en\/wp-json\/wp\/v2\/editoriales?post=64480"},{"taxonomy":"tienda","embeddable":true,"href":"https:\/\/wizardly-davinci.82-223-8-23.plesk.page\/en\/wp-json\/wp\/v2\/tienda?post=64480"},{"taxonomy":"autor_id","embeddable":true,"href":"https:\/\/wizardly-davinci.82-223-8-23.plesk.page\/en\/wp-json\/wp\/v2\/autor_id?post=64480"},{"taxonomy":"universidades_coeditoras","embeddable":true,"href":"https:\/\/wizardly-davinci.82-223-8-23.plesk.page\/en\/wp-json\/wp\/v2\/universidades_coeditoras?post=64480"},{"taxonomy":"palabras_clave","embeddable":true,"href":"https:\/\/wizardly-davinci.82-223-8-23.plesk.page\/en\/wp-json\/wp\/v2\/palabras_clave?post=64480"},{"taxonomy":"listado_alfabetico","embeddable":true,"href":"https:\/\/wizardly-davinci.82-223-8-23.plesk.page\/en\/wp-json\/wp\/v2\/listado_alfabetico?post=64480"}],"curies":[{"name":"wp","href":"https:\/\/api.w.org\/{rel}","templated":true}]}}