{"id":64510,"date":"2023-05-25T16:16:25","date_gmt":"2023-05-25T14:16:25","guid":{"rendered":"https:\/\/octaedro.com\/?post_type=product&#038;p=64510"},"modified":"2023-05-26T10:43:03","modified_gmt":"2023-05-26T08:43:03","slug":"actas-proceedings-actes-2nd-international-congress-education-and-knowledge","status":"publish","type":"product","link":"https:\/\/wizardly-davinci.82-223-8-23.plesk.page\/en\/producto\/actas-proceedings-actes-2nd-international-congress-education-and-knowledge\/","title":{"rendered":"Actas \/ Proceedings \/ Actes &#8211; 2nd International Congress: Education and Knowledge"},"content":{"rendered":"","protected":false},"excerpt":{"rendered":"<p><span class=\"TextRun SCXW159823258 BCX4\" lang=\"ES-ES\" xml:lang=\"ES-ES\" data-contrast=\"auto\"><span class=\"NormalTextRun SCXW159823258 BCX4\">El<\/span><\/span><span class=\"TextRun SCXW159823258 BCX4\" lang=\"ES-ES\" xml:lang=\"ES-ES\" data-contrast=\"auto\"><span class=\"NormalTextRun SCXW159823258 BCX4\"> II<\/span><\/span> <span class=\"TextRun SCXW159823258 BCX4\" lang=\"ES-ES\" xml:lang=\"ES-ES\" data-contrast=\"auto\"><span class=\"NormalTextRun SCXW159823258 BCX4\">International <\/span><span class=\"NormalTextRun SCXW159823258 BCX4\">Congress<\/span><span class=\"NormalTextRun SCXW159823258 BCX4\">: <\/span><span class=\"NormalTextRun SpellingErrorV2Themed SCXW159823258 BCX4\">Education<\/span><span class=\"NormalTextRun SCXW159823258 BCX4\"> and <\/span><span class=\"NormalTextRun SpellingErrorV2Themed SCXW159823258 BCX4\">Knowledge<\/span><\/span><span class=\"TextRun SCXW159823258 BCX4\" lang=\"ES-ES\" xml:lang=\"ES-ES\" data-contrast=\"auto\"><span class=\"NormalTextRun SCXW159823258 BCX4\"> [II Congreso Internacional: Educaci\u00f3n y Conocimiento] (ICON-<\/span><span class=\"NormalTextRun SCXW159823258 BCX4\">edu<\/span><span class=\"NormalTextRun SCXW159823258 BCX4\"> 2023) nace como \u00e1gora en la que reflexionar, analizar, exponer, debatir y compartir temas de inter\u00e9s actuales sobre la Educaci\u00f3n. La abreviatura ICON corresponde, en ingl\u00e9s, a <\/span><\/span><span class=\"TextRun SCXW159823258 BCX4\" lang=\"ES-ES\" xml:lang=\"ES-ES\" data-contrast=\"auto\"><span class=\"NormalTextRun SCXW159823258 BCX4\">International<\/span><\/span><span class=\"TextRun SCXW159823258 BCX4\" lang=\"ES-ES\" xml:lang=\"ES-ES\" data-contrast=\"auto\"><span class=\"NormalTextRun SCXW159823258 BCX4\"> y <\/span><\/span><span class=\"TextRun SCXW159823258 BCX4\" lang=\"ES-ES\" xml:lang=\"ES-ES\" data-contrast=\"auto\"><span class=\"NormalTextRun SCXW159823258 BCX4\">CONgress<\/span><\/span><span class=\"TextRun SCXW159823258 BCX4\" lang=\"ES-ES\" xml:lang=\"ES-ES\" data-contrast=\"auto\"><span class=\"NormalTextRun SCXW159823258 BCX4\">; tambi\u00e9n su traducci\u00f3n al espa\u00f1ol, a lo que sumamos <\/span><span class=\"NormalTextRun SpellingErrorV2Themed SCXW159823258 BCX4\">CONocimiento<\/span><span class=\"NormalTextRun SCXW159823258 BCX4\">. A ello se a\u00f1ade <\/span><span class=\"NormalTextRun SCXW159823258 BCX4\">edu<\/span><span class=\"NormalTextRun SCXW159823258 BCX4\">, que hace referencia a educaci\u00f3n, con lo que se define, de manera arm\u00f3nica, el objetivo de este encuentro acad\u00e9mico. En este libro se recogen las aportaciones de ICON-<\/span><span class=\"NormalTextRun SCXW159823258 BCX4\">edu<\/span><span class=\"NormalTextRun SCXW159823258 BCX4\"> en su edici\u00f3n de 2023 que han sido finalmente aceptadas despu\u00e9s de un riguroso proceso de evaluaci\u00f3n <\/span><\/span><span class=\"TextRun SCXW159823258 BCX4\" lang=\"ES-ES\" xml:lang=\"ES-ES\" data-contrast=\"auto\"><span class=\"NormalTextRun SpellingErrorV2Themed SCXW159823258 BCX4\">double<\/span> <span class=\"NormalTextRun SpellingErrorV2Themed SCXW159823258 BCX4\">blind<\/span><span class=\"NormalTextRun SCXW159823258 BCX4\"> peer <\/span><span class=\"NormalTextRun SpellingErrorV2Themed SCXW159823258 BCX4\">review<\/span><\/span><span class=\"TextRun SCXW159823258 BCX4\" lang=\"ES-ES\" xml:lang=\"ES-ES\" data-contrast=\"auto\"><span class=\"NormalTextRun SCXW159823258 BCX4\"> por parte del Comit\u00e9 Cient\u00edfico a partir de los correspondientes criterios de evaluaci\u00f3n. Dichas aportaciones, clasificadas por l\u00edneas tem\u00e1ticas, versan sobre temas educativos en el seno de las diversas \u00e1reas de conocimiento existentes: Artes y Humanidades, Ciencias, Ciencias de la Salud, Ciencias Sociales y Jur\u00eddicas, e Ingenier\u00eda y Arquitectura. En conjunto, se exponen: experiencias educativas innovadoras y buenas pr\u00e1cticas; investigaciones aplicadas en contextos educativos; revisiones bibliogr\u00e1ficas en sus diversas variantes sobre temas educativos; y textos te\u00f3ricos referidos al estado del arte fundamentado y actualizado cient\u00edficamente. Desde la investigaci\u00f3n y la innovaci\u00f3n, tanto emp\u00edrica como te\u00f3rica, todas estas aportaciones pretenden contribuir a la construcci\u00f3n del conocimiento colectivo de nuestra sociedad.\u00a0<\/span><\/span><span class=\"EOP SCXW159823258 BCX4\" data-ccp-props=\"{&quot;335551550&quot;:6,&quot;335551620&quot;:6}\">\u00a0<\/span><\/p>\n","protected":false},"featured_media":64556,"comment_status":"open","ping_status":"closed","template":"","meta":{"_et_pb_use_builder":"","_et_pb_old_content":"","_et_gb_content_width":""},"product_cat":[2873,6673],"product_tag":[7559],"edicion":[1084],"editoriales":[1160],"tienda":[],"autor_id":[23247,6284,23246],"universidades_coeditoras":[],"palabras_clave":[],"listado_alfabetico":[],"acf":[],"_links":{"self":[{"href":"https:\/\/wizardly-davinci.82-223-8-23.plesk.page\/en\/wp-json\/wp\/v2\/product\/64510"}],"collection":[{"href":"https:\/\/wizardly-davinci.82-223-8-23.plesk.page\/en\/wp-json\/wp\/v2\/product"}],"about":[{"href":"https:\/\/wizardly-davinci.82-223-8-23.plesk.page\/en\/wp-json\/wp\/v2\/types\/product"}],"replies":[{"embeddable":true,"href":"https:\/\/wizardly-davinci.82-223-8-23.plesk.page\/en\/wp-json\/wp\/v2\/comments?post=64510"}],"wp:featuredmedia":[{"embeddable":true,"href":"https:\/\/wizardly-davinci.82-223-8-23.plesk.page\/en\/wp-json\/wp\/v2\/media\/64556"}],"wp:attachment":[{"href":"https:\/\/wizardly-davinci.82-223-8-23.plesk.page\/en\/wp-json\/wp\/v2\/media?parent=64510"}],"wp:term":[{"taxonomy":"product_cat","embeddable":true,"href":"https:\/\/wizardly-davinci.82-223-8-23.plesk.page\/en\/wp-json\/wp\/v2\/product_cat?post=64510"},{"taxonomy":"product_tag","embeddable":true,"href":"https:\/\/wizardly-davinci.82-223-8-23.plesk.page\/en\/wp-json\/wp\/v2\/product_tag?post=64510"},{"taxonomy":"edicion","embeddable":true,"href":"https:\/\/wizardly-davinci.82-223-8-23.plesk.page\/en\/wp-json\/wp\/v2\/edicion?post=64510"},{"taxonomy":"editoriales","embeddable":true,"href":"https:\/\/wizardly-davinci.82-223-8-23.plesk.page\/en\/wp-json\/wp\/v2\/editoriales?post=64510"},{"taxonomy":"tienda","embeddable":true,"href":"https:\/\/wizardly-davinci.82-223-8-23.plesk.page\/en\/wp-json\/wp\/v2\/tienda?post=64510"},{"taxonomy":"autor_id","embeddable":true,"href":"https:\/\/wizardly-davinci.82-223-8-23.plesk.page\/en\/wp-json\/wp\/v2\/autor_id?post=64510"},{"taxonomy":"universidades_coeditoras","embeddable":true,"href":"https:\/\/wizardly-davinci.82-223-8-23.plesk.page\/en\/wp-json\/wp\/v2\/universidades_coeditoras?post=64510"},{"taxonomy":"palabras_clave","embeddable":true,"href":"https:\/\/wizardly-davinci.82-223-8-23.plesk.page\/en\/wp-json\/wp\/v2\/palabras_clave?post=64510"},{"taxonomy":"listado_alfabetico","embeddable":true,"href":"https:\/\/wizardly-davinci.82-223-8-23.plesk.page\/en\/wp-json\/wp\/v2\/listado_alfabetico?post=64510"}],"curies":[{"name":"wp","href":"https:\/\/api.w.org\/{rel}","templated":true}]}}