{"id":64520,"date":"2023-05-25T17:36:51","date_gmt":"2023-05-25T15:36:51","guid":{"rendered":"https:\/\/octaedro.com\/?post_type=product&#038;p=64520"},"modified":"2023-06-02T17:17:54","modified_gmt":"2023-06-02T15:17:54","slug":"realidad-virtual-y-entornos-inmersivos-en-educacion-superior","status":"publish","type":"product","link":"https:\/\/wizardly-davinci.82-223-8-23.plesk.page\/en\/producto\/realidad-virtual-y-entornos-inmersivos-en-educacion-superior\/","title":{"rendered":"Realidad virtual y entornos inmersivos en educaci\u00f3n superior"},"content":{"rendered":"","protected":false},"excerpt":{"rendered":"<p><span data-contrast=\"none\">La realidad virtual y los entornos inmersivos ya est\u00e1n\u202fa nuestro alrededor en nuestras vidas. Vivimos una transici\u00f3n tecnol\u00f3gica y digital a la cual no debemos resistirnos, sino que hemos de abrazar y acompa\u00f1ar, porque en pocos a\u00f1os ser\u00e1 un elemento m\u00e1s de convivencia de las nuevas generaciones. Esto tendr\u00e1 impacto a corto plazo en el sistema educativo universitario.<\/span><span data-ccp-props=\"{&quot;134245417&quot;:false,&quot;201341983&quot;:0,&quot;335559739&quot;:170,&quot;335559740&quot;:288}\">\u00a0<\/span><\/p>\n<p><span data-contrast=\"none\">En este libro presentamos un compendio del estado actual de esta tecnolog\u00eda, de la mano de los miembros de uno de los laboratorios m\u00e1s implicados en su desarrollo a escala internacional: el Event Lab de la Universidad de Barcelona, liderado por los profesores ICREA Mel Slater y Mar\u00eda Victoria S\u00e1nchez-Vives. Una de las riquezas de esta obra es que la han escrito profesionales acad\u00e9micos de este campo en diferentes fases de desarrollo de sus carreras. As\u00ed, han podido imprimir su visi\u00f3n y car\u00e1cter de manera libre y directamente desde \u00abla cocina\u00bb.<\/span><span data-ccp-props=\"{&quot;134245417&quot;:false,&quot;201341983&quot;:0,&quot;335559739&quot;:170,&quot;335559740&quot;:288}\">\u00a0<\/span><\/p>\n<p><span data-contrast=\"none\">Animamos al lector a una navegaci\u00f3n tambi\u00e9n libre, pues este libro se puede leer desde la primera p\u00e1gina o desde cualquier otra. Encontrar\u00e1 la tecnolog\u00eda actual que se puede trasladar al aula, una base conceptual fundamental para entender su funcionamiento, y ejemplos e ideas de aplicaciones, que pueden ser reproducidos o tomarse como semilla para nuevas propuestas, perdiendo el miedo a realizarlas. La potente capacidad de transformaci\u00f3n social y personal de esta tecnolog\u00eda es el mensaje central del libro.<\/span><span data-ccp-props=\"{&quot;134245417&quot;:false,&quot;201341983&quot;:0,&quot;335559739&quot;:170,&quot;335559740&quot;:288}\">\u00a0<\/span><\/p>\n","protected":false},"featured_media":64523,"comment_status":"open","ping_status":"closed","template":"","meta":{"_et_pb_use_builder":"","_et_pb_old_content":"","_et_gb_content_width":""},"product_cat":[6936,6675],"product_tag":[2602],"edicion":[1083],"editoriales":[1160],"tienda":[],"autor_id":[23253,23256],"universidades_coeditoras":[],"palabras_clave":[],"listado_alfabetico":[],"acf":[],"_links":{"self":[{"href":"https:\/\/wizardly-davinci.82-223-8-23.plesk.page\/en\/wp-json\/wp\/v2\/product\/64520"}],"collection":[{"href":"https:\/\/wizardly-davinci.82-223-8-23.plesk.page\/en\/wp-json\/wp\/v2\/product"}],"about":[{"href":"https:\/\/wizardly-davinci.82-223-8-23.plesk.page\/en\/wp-json\/wp\/v2\/types\/product"}],"replies":[{"embeddable":true,"href":"https:\/\/wizardly-davinci.82-223-8-23.plesk.page\/en\/wp-json\/wp\/v2\/comments?post=64520"}],"wp:featuredmedia":[{"embeddable":true,"href":"https:\/\/wizardly-davinci.82-223-8-23.plesk.page\/en\/wp-json\/wp\/v2\/media\/64523"}],"wp:attachment":[{"href":"https:\/\/wizardly-davinci.82-223-8-23.plesk.page\/en\/wp-json\/wp\/v2\/media?parent=64520"}],"wp:term":[{"taxonomy":"product_cat","embeddable":true,"href":"https:\/\/wizardly-davinci.82-223-8-23.plesk.page\/en\/wp-json\/wp\/v2\/product_cat?post=64520"},{"taxonomy":"product_tag","embeddable":true,"href":"https:\/\/wizardly-davinci.82-223-8-23.plesk.page\/en\/wp-json\/wp\/v2\/product_tag?post=64520"},{"taxonomy":"edicion","embeddable":true,"href":"https:\/\/wizardly-davinci.82-223-8-23.plesk.page\/en\/wp-json\/wp\/v2\/edicion?post=64520"},{"taxonomy":"editoriales","embeddable":true,"href":"https:\/\/wizardly-davinci.82-223-8-23.plesk.page\/en\/wp-json\/wp\/v2\/editoriales?post=64520"},{"taxonomy":"tienda","embeddable":true,"href":"https:\/\/wizardly-davinci.82-223-8-23.plesk.page\/en\/wp-json\/wp\/v2\/tienda?post=64520"},{"taxonomy":"autor_id","embeddable":true,"href":"https:\/\/wizardly-davinci.82-223-8-23.plesk.page\/en\/wp-json\/wp\/v2\/autor_id?post=64520"},{"taxonomy":"universidades_coeditoras","embeddable":true,"href":"https:\/\/wizardly-davinci.82-223-8-23.plesk.page\/en\/wp-json\/wp\/v2\/universidades_coeditoras?post=64520"},{"taxonomy":"palabras_clave","embeddable":true,"href":"https:\/\/wizardly-davinci.82-223-8-23.plesk.page\/en\/wp-json\/wp\/v2\/palabras_clave?post=64520"},{"taxonomy":"listado_alfabetico","embeddable":true,"href":"https:\/\/wizardly-davinci.82-223-8-23.plesk.page\/en\/wp-json\/wp\/v2\/listado_alfabetico?post=64520"}],"curies":[{"name":"wp","href":"https:\/\/api.w.org\/{rel}","templated":true}]}}