{"id":64538,"date":"2023-05-26T09:59:41","date_gmt":"2023-05-26T07:59:41","guid":{"rendered":"https:\/\/octaedro.com\/?post_type=product&#038;p=64538"},"modified":"2023-07-10T13:41:56","modified_gmt":"2023-07-10T11:41:56","slug":"educacion-y-comunicacion-en-una-sociedad-postdigital","status":"publish","type":"product","link":"https:\/\/wizardly-davinci.82-223-8-23.plesk.page\/en\/producto\/educacion-y-comunicacion-en-una-sociedad-postdigital\/","title":{"rendered":"Educaci\u00f3n y comunicaci\u00f3n en una sociedad postdigital"},"content":{"rendered":"","protected":false},"excerpt":{"rendered":"<p>El desarrollo vertiginoso de las tecnolog\u00edas digitales de las \u00faltimas d\u00e9cadas ha contribuido a conformar las grandes caracter\u00edsticas de la sociedad postdigital. Es ineludible reflexionar sobre el hecho de que vivimos en una sociedad en la cual los l\u00edmites entre las actuaciones anal\u00f3gicas y las digitales de las personas han desaparecido, dejando claro que, de forma natural, fluida e inconsciente, la ciudadan\u00eda act\u00faa indistintamente en uno u otro escenario. En la era de la <em>netmodernidad<\/em>, donde todo el mundo vive conectado de una u otra manera, las redes sociales se han convertido en el medio por excelencia para la participaci\u00f3n de la ciudadan\u00eda en el siglo XXI. Por ello, con todas las bondades y problemas que conllevan los nuevos medios, la ciudadan\u00eda debe alfabetizarse correctamente con el fin de saber afrontar los continuos desaf\u00edos que ofrecen estos nuevos marcos de participaci\u00f3n, donde viven gran parte de su tiempo diario. El camino correcto para esta alfabetizaci\u00f3n es la educomunicaci\u00f3n.<\/p>\n<p>En este libro se nos presenta una aproximaci\u00f3n hist\u00f3rica al concepto de <em>educomunicaci\u00f3n<\/em> dentro del contexto de sociedad postdigital en que nos encontramos, enriquecido con nociones como <em>informar<\/em>, <em>comunicar<\/em>, <em>ecolog\u00eda de medios<\/em>, <em>aprendizaje<\/em> <em>invisible<\/em>, <em>inter-aprendizaje<\/em>, <em>conectivismo<\/em>, <em>modelos end\u00f3genos<\/em> y <em>ex\u00f3genos<\/em>, etc. Todas estas ideas se engloban dentro de principios de la educomunicaci\u00f3n como la interactividad, la cultura de la participaci\u00f3n y la acci\u00f3n dial\u00f3gica, introduciendo de forma novedosa una clasificaci\u00f3n de las distintas variantes en las que se puede desplegar la figura del prosumidor, para dar paso, progresivamente, al concepto de <em>emirec<\/em> de Jean Cloutier y al universo de los <em>influencers<\/em>.<\/p>\n<p>Todo este entramado de ideas, conceptos y an\u00e1lisis recobran vida en contextos comunicativos y, sobre todo, educativos, a trav\u00e9s de diferentes estrategias educomunicativas como son la construcci\u00f3n medi\u00e1tica de la realidad a trav\u00e9s de la imagen, la participaci\u00f3n en las redes sociales, la gamificaci\u00f3n y la estrategia educomunicativa masiva y abierta de los sMOOC y los tMOOC.<\/p>\n<p>Finalmente, se profundiza en conceptos como <em>empoderamiento<\/em>, <em>activismo<\/em>, <em>pedagog\u00eda cr\u00edtica<\/em>, <em>procom\u00fan<\/em>, <em>cultura libre<\/em> y <em>acci\u00f3n<\/em> <em>colaborativa<\/em>, para concluir con el innovador rol de <em>influencers de aprendizaje<\/em>.<\/p>\n","protected":false},"featured_media":64539,"comment_status":"open","ping_status":"closed","template":"","meta":{"_et_pb_use_builder":"","_et_pb_old_content":"","_et_gb_content_width":""},"product_cat":[2606,1512,6675,6673],"product_tag":[2604],"edicion":[1084,1083],"editoriales":[1160],"tienda":[],"autor_id":[22916],"universidades_coeditoras":[],"palabras_clave":[],"listado_alfabetico":[],"acf":[],"_links":{"self":[{"href":"https:\/\/wizardly-davinci.82-223-8-23.plesk.page\/en\/wp-json\/wp\/v2\/product\/64538"}],"collection":[{"href":"https:\/\/wizardly-davinci.82-223-8-23.plesk.page\/en\/wp-json\/wp\/v2\/product"}],"about":[{"href":"https:\/\/wizardly-davinci.82-223-8-23.plesk.page\/en\/wp-json\/wp\/v2\/types\/product"}],"replies":[{"embeddable":true,"href":"https:\/\/wizardly-davinci.82-223-8-23.plesk.page\/en\/wp-json\/wp\/v2\/comments?post=64538"}],"wp:featuredmedia":[{"embeddable":true,"href":"https:\/\/wizardly-davinci.82-223-8-23.plesk.page\/en\/wp-json\/wp\/v2\/media\/64539"}],"wp:attachment":[{"href":"https:\/\/wizardly-davinci.82-223-8-23.plesk.page\/en\/wp-json\/wp\/v2\/media?parent=64538"}],"wp:term":[{"taxonomy":"product_cat","embeddable":true,"href":"https:\/\/wizardly-davinci.82-223-8-23.plesk.page\/en\/wp-json\/wp\/v2\/product_cat?post=64538"},{"taxonomy":"product_tag","embeddable":true,"href":"https:\/\/wizardly-davinci.82-223-8-23.plesk.page\/en\/wp-json\/wp\/v2\/product_tag?post=64538"},{"taxonomy":"edicion","embeddable":true,"href":"https:\/\/wizardly-davinci.82-223-8-23.plesk.page\/en\/wp-json\/wp\/v2\/edicion?post=64538"},{"taxonomy":"editoriales","embeddable":true,"href":"https:\/\/wizardly-davinci.82-223-8-23.plesk.page\/en\/wp-json\/wp\/v2\/editoriales?post=64538"},{"taxonomy":"tienda","embeddable":true,"href":"https:\/\/wizardly-davinci.82-223-8-23.plesk.page\/en\/wp-json\/wp\/v2\/tienda?post=64538"},{"taxonomy":"autor_id","embeddable":true,"href":"https:\/\/wizardly-davinci.82-223-8-23.plesk.page\/en\/wp-json\/wp\/v2\/autor_id?post=64538"},{"taxonomy":"universidades_coeditoras","embeddable":true,"href":"https:\/\/wizardly-davinci.82-223-8-23.plesk.page\/en\/wp-json\/wp\/v2\/universidades_coeditoras?post=64538"},{"taxonomy":"palabras_clave","embeddable":true,"href":"https:\/\/wizardly-davinci.82-223-8-23.plesk.page\/en\/wp-json\/wp\/v2\/palabras_clave?post=64538"},{"taxonomy":"listado_alfabetico","embeddable":true,"href":"https:\/\/wizardly-davinci.82-223-8-23.plesk.page\/en\/wp-json\/wp\/v2\/listado_alfabetico?post=64538"}],"curies":[{"name":"wp","href":"https:\/\/api.w.org\/{rel}","templated":true}]}}