{"id":64573,"date":"2023-05-30T17:20:36","date_gmt":"2023-05-30T15:20:36","guid":{"rendered":"https:\/\/octaedro.com\/?post_type=product&#038;p=64573"},"modified":"2023-06-02T17:22:30","modified_gmt":"2023-06-02T15:22:30","slug":"desafios-de-la-inclusion-digital","status":"publish","type":"product","link":"https:\/\/wizardly-davinci.82-223-8-23.plesk.page\/en\/producto\/desafios-de-la-inclusion-digital\/","title":{"rendered":"Desaf\u00edos de la inclusi\u00f3n digital"},"content":{"rendered":"","protected":false},"excerpt":{"rendered":"<p><span data-contrast=\"none\">Las investigaciones reconocen la brecha digital de g\u00e9nero como un problema de mayor calado que la simple diferenciaci\u00f3n en la manipulaci\u00f3n de las tecnolog\u00edas desde la perspectiva de las habilidades inform\u00e1ticas b\u00e1sicas. En la esfera educativa, dos de los ejes claves en la estrategia mundial para la consecuci\u00f3n de los objetivos de desarrollo son: formaci\u00f3n del profesorado en relaci\u00f3n con la igualdad de g\u00e9nero y la capacitaci\u00f3n en materia de competencias digitales y competencias digitales docentes. Ambos ejes se transforman en necesarios cuando se analizan los curr\u00edculos y planes de estudio de las facultades de Educaci\u00f3n.\u00a0<\/span><span data-ccp-props=\"{&quot;134245417&quot;:false,&quot;201341983&quot;:0,&quot;335559739&quot;:170,&quot;335559740&quot;:288}\">\u00a0<\/span><\/p>\n<p><span data-contrast=\"none\">A lo largo de los diez cap\u00edtulos que conforman esta monograf\u00eda, resultado de investigaciones implementadas en diferentes universidades nacionales (Alicante, Madrid, Sevilla, Salamanca, Tarragona, Valencia) e internacionales (Grecia, M\u00e9xico), se presentan dise\u00f1os did\u00e1cticos concretos, relacionados con el desarrollo de las competencias digitales docentes en la formaci\u00f3n inicial del profesorado y en la reducci\u00f3n de las brechas digitales.\u00a0<\/span><span data-ccp-props=\"{&quot;134245417&quot;:false,&quot;201341983&quot;:0,&quot;335559739&quot;:170,&quot;335559740&quot;:288}\">\u00a0<\/span><\/p>\n<p><span data-contrast=\"none\">Las aportaciones presentan un car\u00e1cter te\u00f3rico-pr\u00e1ctico e interdisciplinar y pretenden ser una muestra de buenas pr\u00e1cticas que sirvan como modelos de ense\u00f1anza y aprendizaje relacionados con la formaci\u00f3n de los futuros docentes. As\u00ed, a trav\u00e9s de los distintos cap\u00edtulos se analiza el tr\u00e1nsito de las TIC a las TAC, el valor pedag\u00f3gico-disciplinar del modelo TPACK o la importancia de una formaci\u00f3n en competencias digitales frente a las brechas digitales latentes.\u00a0<\/span><span data-ccp-props=\"{&quot;134245417&quot;:false,&quot;201341983&quot;:0,&quot;335559739&quot;:170,&quot;335559740&quot;:288}\">\u00a0<\/span><\/p>\n","protected":false},"featured_media":64574,"comment_status":"open","ping_status":"closed","template":"","meta":{"_et_pb_use_builder":"","_et_pb_old_content":"","_et_gb_content_width":""},"product_cat":[6936,6675],"product_tag":[2602],"edicion":[1083],"editoriales":[1160],"tienda":[],"autor_id":[23264],"universidades_coeditoras":[],"palabras_clave":[],"listado_alfabetico":[],"acf":[],"_links":{"self":[{"href":"https:\/\/wizardly-davinci.82-223-8-23.plesk.page\/en\/wp-json\/wp\/v2\/product\/64573"}],"collection":[{"href":"https:\/\/wizardly-davinci.82-223-8-23.plesk.page\/en\/wp-json\/wp\/v2\/product"}],"about":[{"href":"https:\/\/wizardly-davinci.82-223-8-23.plesk.page\/en\/wp-json\/wp\/v2\/types\/product"}],"replies":[{"embeddable":true,"href":"https:\/\/wizardly-davinci.82-223-8-23.plesk.page\/en\/wp-json\/wp\/v2\/comments?post=64573"}],"wp:featuredmedia":[{"embeddable":true,"href":"https:\/\/wizardly-davinci.82-223-8-23.plesk.page\/en\/wp-json\/wp\/v2\/media\/64574"}],"wp:attachment":[{"href":"https:\/\/wizardly-davinci.82-223-8-23.plesk.page\/en\/wp-json\/wp\/v2\/media?parent=64573"}],"wp:term":[{"taxonomy":"product_cat","embeddable":true,"href":"https:\/\/wizardly-davinci.82-223-8-23.plesk.page\/en\/wp-json\/wp\/v2\/product_cat?post=64573"},{"taxonomy":"product_tag","embeddable":true,"href":"https:\/\/wizardly-davinci.82-223-8-23.plesk.page\/en\/wp-json\/wp\/v2\/product_tag?post=64573"},{"taxonomy":"edicion","embeddable":true,"href":"https:\/\/wizardly-davinci.82-223-8-23.plesk.page\/en\/wp-json\/wp\/v2\/edicion?post=64573"},{"taxonomy":"editoriales","embeddable":true,"href":"https:\/\/wizardly-davinci.82-223-8-23.plesk.page\/en\/wp-json\/wp\/v2\/editoriales?post=64573"},{"taxonomy":"tienda","embeddable":true,"href":"https:\/\/wizardly-davinci.82-223-8-23.plesk.page\/en\/wp-json\/wp\/v2\/tienda?post=64573"},{"taxonomy":"autor_id","embeddable":true,"href":"https:\/\/wizardly-davinci.82-223-8-23.plesk.page\/en\/wp-json\/wp\/v2\/autor_id?post=64573"},{"taxonomy":"universidades_coeditoras","embeddable":true,"href":"https:\/\/wizardly-davinci.82-223-8-23.plesk.page\/en\/wp-json\/wp\/v2\/universidades_coeditoras?post=64573"},{"taxonomy":"palabras_clave","embeddable":true,"href":"https:\/\/wizardly-davinci.82-223-8-23.plesk.page\/en\/wp-json\/wp\/v2\/palabras_clave?post=64573"},{"taxonomy":"listado_alfabetico","embeddable":true,"href":"https:\/\/wizardly-davinci.82-223-8-23.plesk.page\/en\/wp-json\/wp\/v2\/listado_alfabetico?post=64573"}],"curies":[{"name":"wp","href":"https:\/\/api.w.org\/{rel}","templated":true}]}}