{"id":64646,"date":"2023-06-12T18:07:20","date_gmt":"2023-06-12T16:07:20","guid":{"rendered":"https:\/\/octaedro.com\/?post_type=product&#038;p=64646"},"modified":"2023-06-13T16:32:19","modified_gmt":"2023-06-13T14:32:19","slug":"activitats-per-al-desenvolupament-de-la-competencia-digital-docent-en-el-master-de-formacio-del-professorat","status":"publish","type":"product","link":"https:\/\/wizardly-davinci.82-223-8-23.plesk.page\/en\/producto\/activitats-per-al-desenvolupament-de-la-competencia-digital-docent-en-el-master-de-formacio-del-professorat\/","title":{"rendered":"Activitats per al desenvolupament de la compet\u00e8ncia digital docent en el m\u00e0ster de formaci\u00f3 del professorat"},"content":{"rendered":"","protected":false},"excerpt":{"rendered":"<p>La compet\u00e8ncia digital docent (CDD) \u00e9s una compet\u00e8ncia transversal que tot professional de l\u2019educaci\u00f3 ha de dominar per poder exercir la seva tasca amb qualitat en el context de desenvolupament tecnol\u00f2gic i canvi metodol\u00f2gic que impera en l\u2019actualitat. Ja hi ha alguns models consolidats que permeten aproximar-se de forma prou detallada a la conceptualitzaci\u00f3 de la CDD, com \u00e9s el cas del Marc de Refer\u00e8ncia de la Compet\u00e8ncia Digital Docent (MRCDD), proposat des de diverses inst\u00e0ncies de la comunitat educativa espanyola i les administracions. Ara b\u00e9, existeix encara una mancan\u00e7a a l\u2019hora d\u2019exposar estrat\u00e8gies concretes per a la implementaci\u00f3 d\u2019aquests principis a l\u2019aula o d\u2019establir com es pot treballar i desenvolupar la CDD amb docents en formaci\u00f3 inicial. Mitjan\u00e7ant 49 activitats did\u00e0ctiques, en aquest llibre suggerim pistes i tracem indicacions per poder treballar en les diferents assignatures del m\u00e0ster de formaci\u00f3 del professorat (MUFP) el desenvolupament de la CDD seguint el MRCDD. Es dirigeix, per tant, a qualsevol agent de la comunitat educativa que vulgui con\u00e8ixer propostes que es poden aplicar a les aules d\u2019educaci\u00f3 superior en els estudis de formaci\u00f3 del professorat, tot i que tamb\u00e9 pot resultar d\u2019inter\u00e8s per a professionals d\u2019altres nivells educatius, aix\u00ed com per a altres agents com ara fam\u00edlies i la societat en general.<\/p>\n","protected":false},"featured_media":64647,"comment_status":"open","ping_status":"closed","template":"","meta":{"_et_pb_use_builder":"","_et_pb_old_content":"","_et_gb_content_width":""},"product_cat":[6673],"product_tag":[2605],"edicion":[1084],"editoriales":[1160],"tienda":[],"autor_id":[23039,22778],"universidades_coeditoras":[],"palabras_clave":[],"listado_alfabetico":[],"acf":[],"_links":{"self":[{"href":"https:\/\/wizardly-davinci.82-223-8-23.plesk.page\/en\/wp-json\/wp\/v2\/product\/64646"}],"collection":[{"href":"https:\/\/wizardly-davinci.82-223-8-23.plesk.page\/en\/wp-json\/wp\/v2\/product"}],"about":[{"href":"https:\/\/wizardly-davinci.82-223-8-23.plesk.page\/en\/wp-json\/wp\/v2\/types\/product"}],"replies":[{"embeddable":true,"href":"https:\/\/wizardly-davinci.82-223-8-23.plesk.page\/en\/wp-json\/wp\/v2\/comments?post=64646"}],"wp:featuredmedia":[{"embeddable":true,"href":"https:\/\/wizardly-davinci.82-223-8-23.plesk.page\/en\/wp-json\/wp\/v2\/media\/64647"}],"wp:attachment":[{"href":"https:\/\/wizardly-davinci.82-223-8-23.plesk.page\/en\/wp-json\/wp\/v2\/media?parent=64646"}],"wp:term":[{"taxonomy":"product_cat","embeddable":true,"href":"https:\/\/wizardly-davinci.82-223-8-23.plesk.page\/en\/wp-json\/wp\/v2\/product_cat?post=64646"},{"taxonomy":"product_tag","embeddable":true,"href":"https:\/\/wizardly-davinci.82-223-8-23.plesk.page\/en\/wp-json\/wp\/v2\/product_tag?post=64646"},{"taxonomy":"edicion","embeddable":true,"href":"https:\/\/wizardly-davinci.82-223-8-23.plesk.page\/en\/wp-json\/wp\/v2\/edicion?post=64646"},{"taxonomy":"editoriales","embeddable":true,"href":"https:\/\/wizardly-davinci.82-223-8-23.plesk.page\/en\/wp-json\/wp\/v2\/editoriales?post=64646"},{"taxonomy":"tienda","embeddable":true,"href":"https:\/\/wizardly-davinci.82-223-8-23.plesk.page\/en\/wp-json\/wp\/v2\/tienda?post=64646"},{"taxonomy":"autor_id","embeddable":true,"href":"https:\/\/wizardly-davinci.82-223-8-23.plesk.page\/en\/wp-json\/wp\/v2\/autor_id?post=64646"},{"taxonomy":"universidades_coeditoras","embeddable":true,"href":"https:\/\/wizardly-davinci.82-223-8-23.plesk.page\/en\/wp-json\/wp\/v2\/universidades_coeditoras?post=64646"},{"taxonomy":"palabras_clave","embeddable":true,"href":"https:\/\/wizardly-davinci.82-223-8-23.plesk.page\/en\/wp-json\/wp\/v2\/palabras_clave?post=64646"},{"taxonomy":"listado_alfabetico","embeddable":true,"href":"https:\/\/wizardly-davinci.82-223-8-23.plesk.page\/en\/wp-json\/wp\/v2\/listado_alfabetico?post=64646"}],"curies":[{"name":"wp","href":"https:\/\/api.w.org\/{rel}","templated":true}]}}