{"id":64658,"date":"2023-06-09T11:52:54","date_gmt":"2023-06-09T09:52:54","guid":{"rendered":"https:\/\/octaedro.com\/?post_type=product&#038;p=64658"},"modified":"2023-06-22T10:54:34","modified_gmt":"2023-06-22T08:54:34","slug":"descendientes-de-victimas-del-franquismo","status":"publish","type":"product","link":"https:\/\/wizardly-davinci.82-223-8-23.plesk.page\/en\/producto\/descendientes-de-victimas-del-franquismo\/","title":{"rendered":"Descendientes de v\u00edctimas del franquismo"},"content":{"rendered":"","protected":false},"excerpt":{"rendered":"<p>En este libro nos acercamos a algunas de las experiencias de descendientes de v\u00edctimas del franquismo. Se trata de personas de terceras y cuartas generaciones (fundamentalmente nietos, biznietos y sobrinos nietos) que provienen de entornos familiares que han sufrido sucesos de gran violencia tales como asesinatos, desapariciones o prisi\u00f3n. En los diferentes cap\u00edtulos se perfilan trayectorias diversas, que fluct\u00faan desde un abierto desconocimiento hacia lo ocurrido familiarmente, como si lo que aconteci\u00f3 hubiera ido desvaneci\u00e9ndose, hasta procesos activos de b\u00fasqueda de desaparecidos o de recuperaci\u00f3n de la propia historia familiar.<\/p>\n<p>Nuestro \u00e1nimo ha sido el de ayudar a hacer visibles las dificultades y los obst\u00e1culos con que se encuentran estos descendientes de v\u00edctimas cuando dan el paso de intentar saber m\u00e1s sobre el pasado tr\u00e1gico que los antecede y cuando intentan que se reconozcan los da\u00f1os sufridos, as\u00ed como las implicaciones que ello ha tenido en sus propias vidas. Entendemos que hay una responsabilidad social al respecto de todo ello.<\/p>\n","protected":false},"featured_media":64659,"comment_status":"open","ping_status":"closed","template":"","meta":{"_et_pb_use_builder":"","_et_pb_old_content":"","_et_gb_content_width":""},"product_cat":[6936,6675],"product_tag":[2602],"edicion":[1083],"editoriales":[1160],"tienda":[],"autor_id":[23288,23284,23292,23289],"universidades_coeditoras":[],"palabras_clave":[],"listado_alfabetico":[],"acf":[],"_links":{"self":[{"href":"https:\/\/wizardly-davinci.82-223-8-23.plesk.page\/en\/wp-json\/wp\/v2\/product\/64658"}],"collection":[{"href":"https:\/\/wizardly-davinci.82-223-8-23.plesk.page\/en\/wp-json\/wp\/v2\/product"}],"about":[{"href":"https:\/\/wizardly-davinci.82-223-8-23.plesk.page\/en\/wp-json\/wp\/v2\/types\/product"}],"replies":[{"embeddable":true,"href":"https:\/\/wizardly-davinci.82-223-8-23.plesk.page\/en\/wp-json\/wp\/v2\/comments?post=64658"}],"wp:featuredmedia":[{"embeddable":true,"href":"https:\/\/wizardly-davinci.82-223-8-23.plesk.page\/en\/wp-json\/wp\/v2\/media\/64659"}],"wp:attachment":[{"href":"https:\/\/wizardly-davinci.82-223-8-23.plesk.page\/en\/wp-json\/wp\/v2\/media?parent=64658"}],"wp:term":[{"taxonomy":"product_cat","embeddable":true,"href":"https:\/\/wizardly-davinci.82-223-8-23.plesk.page\/en\/wp-json\/wp\/v2\/product_cat?post=64658"},{"taxonomy":"product_tag","embeddable":true,"href":"https:\/\/wizardly-davinci.82-223-8-23.plesk.page\/en\/wp-json\/wp\/v2\/product_tag?post=64658"},{"taxonomy":"edicion","embeddable":true,"href":"https:\/\/wizardly-davinci.82-223-8-23.plesk.page\/en\/wp-json\/wp\/v2\/edicion?post=64658"},{"taxonomy":"editoriales","embeddable":true,"href":"https:\/\/wizardly-davinci.82-223-8-23.plesk.page\/en\/wp-json\/wp\/v2\/editoriales?post=64658"},{"taxonomy":"tienda","embeddable":true,"href":"https:\/\/wizardly-davinci.82-223-8-23.plesk.page\/en\/wp-json\/wp\/v2\/tienda?post=64658"},{"taxonomy":"autor_id","embeddable":true,"href":"https:\/\/wizardly-davinci.82-223-8-23.plesk.page\/en\/wp-json\/wp\/v2\/autor_id?post=64658"},{"taxonomy":"universidades_coeditoras","embeddable":true,"href":"https:\/\/wizardly-davinci.82-223-8-23.plesk.page\/en\/wp-json\/wp\/v2\/universidades_coeditoras?post=64658"},{"taxonomy":"palabras_clave","embeddable":true,"href":"https:\/\/wizardly-davinci.82-223-8-23.plesk.page\/en\/wp-json\/wp\/v2\/palabras_clave?post=64658"},{"taxonomy":"listado_alfabetico","embeddable":true,"href":"https:\/\/wizardly-davinci.82-223-8-23.plesk.page\/en\/wp-json\/wp\/v2\/listado_alfabetico?post=64658"}],"curies":[{"name":"wp","href":"https:\/\/api.w.org\/{rel}","templated":true}]}}