{"id":64713,"date":"2023-06-19T18:04:20","date_gmt":"2023-06-19T16:04:20","guid":{"rendered":"https:\/\/octaedro.com\/?post_type=product&#038;p=64713"},"modified":"2023-06-23T16:34:50","modified_gmt":"2023-06-23T14:34:50","slug":"una-mirada-a-la-salut-mental-en-la-discapacitat-intel%c2%b7lectual","status":"publish","type":"product","link":"https:\/\/wizardly-davinci.82-223-8-23.plesk.page\/en\/producto\/una-mirada-a-la-salut-mental-en-la-discapacitat-intel%c2%b7lectual\/","title":{"rendered":"Una mirada a la salut mental en la discapacitat intel\u00b7lectual"},"content":{"rendered":"","protected":false},"excerpt":{"rendered":"<p>Aquest \u00e9s un llibre sobre salut mental que ens interpel\u00b7la a tots, en especial a qualsevol persona que tingui inter\u00e8s o estigui en contacte amb persones amb discapacitat intel\u00b7lectual, siguin familiars, educadors, mestres, professionals de la salut mental, etc. Neix de la inquietud de recollir l\u2019experi\u00e8ncia de gaireb\u00e9 vint anys treballant en el camp de la salut mental amb persones amb discapacitat intel\u00b7lectual.<\/p>\n<p>Hem volgut partir de la nostra pr\u00e0ctica cl\u00ednica i relatar un seguit de casos que ens ajudin a reflexionar al voltant de les vicissituds que hi ha darrere el funcionament i el comportament de persones amb discapacitat intel\u00b7lectual, a fi d\u2019entendre i atendre diferents formes d\u2019expressi\u00f3 del patiment emocional, entre elles els trastorns de conducta; a visualitzar i donar veu a les seves singularitats, que, per desgr\u00e0cia, sovint queden ocultes rere l\u2019estigma; i a assenyalar que hi ha necessitats educatives i socials que, si no queden cobertes, contribueixen a l\u2019aparici\u00f3 de problemes de salut mental, fet que psiquiatritza aspectes que pertanyen a l\u2019\u00e0mbit social o educatiu.<\/p>\n<p>Moltes vegades s\u2019interpreta que la discapacitat intel\u00b7lectual explica o justifica determinats comportaments, quan no sempre \u00e9s aix\u00ed. \u00c9s cabdal mirar de diferenciar all\u00f2 que t\u00e9 a veure amb la discapacitat i el l\u00edmit d\u2019all\u00f2 que correspon a l\u2019esfera de la salut mental o emocional. \u00c9s per aix\u00f2 que ressaltem la import\u00e0ncia d\u2019entendre la conducta com una expressi\u00f3, un acte de comunicaci\u00f3, de vegades un crit desesperat, que, si el podem escoltar, en comptes de merament aplacar, pot facilitar el desenvolupament d\u2019altres formes d\u2019intervenci\u00f3. Subratllem, aix\u00ed mateix, la necessitat de treballar i acompanyar les fam\u00edlies i tots aquells que tenen cura d\u2019aquestes persones, amb vista a la millora de la seva qualitat de vida i a la promoci\u00f3 i prevenci\u00f3 de la seva salut mental.<\/p>\n<p>El llibre parteix de la discapacitat concreta de les persones protagonistes dels nostres relats, per\u00f2 ens anir\u00e0 portant, a poc a poc, a observar com convivim i breguem amb les pr\u00f2pies incapacitats, limitacions i resist\u00e8ncies, com a individus i com a societat, i com aquestes tamb\u00e9 condicionen una certa manera de veure i de relacionar-nos amb la discapacitat.<\/p>\n","protected":false},"featured_media":64703,"comment_status":"open","ping_status":"closed","template":"","meta":{"_et_pb_use_builder":"","_et_pb_old_content":"","_et_gb_content_width":""},"product_cat":[1512,6675],"product_tag":[2602],"edicion":[1083],"editoriales":[1160],"tienda":[],"autor_id":[23308,23310],"universidades_coeditoras":[],"palabras_clave":[],"listado_alfabetico":[],"acf":[],"_links":{"self":[{"href":"https:\/\/wizardly-davinci.82-223-8-23.plesk.page\/en\/wp-json\/wp\/v2\/product\/64713"}],"collection":[{"href":"https:\/\/wizardly-davinci.82-223-8-23.plesk.page\/en\/wp-json\/wp\/v2\/product"}],"about":[{"href":"https:\/\/wizardly-davinci.82-223-8-23.plesk.page\/en\/wp-json\/wp\/v2\/types\/product"}],"replies":[{"embeddable":true,"href":"https:\/\/wizardly-davinci.82-223-8-23.plesk.page\/en\/wp-json\/wp\/v2\/comments?post=64713"}],"wp:featuredmedia":[{"embeddable":true,"href":"https:\/\/wizardly-davinci.82-223-8-23.plesk.page\/en\/wp-json\/wp\/v2\/media\/64703"}],"wp:attachment":[{"href":"https:\/\/wizardly-davinci.82-223-8-23.plesk.page\/en\/wp-json\/wp\/v2\/media?parent=64713"}],"wp:term":[{"taxonomy":"product_cat","embeddable":true,"href":"https:\/\/wizardly-davinci.82-223-8-23.plesk.page\/en\/wp-json\/wp\/v2\/product_cat?post=64713"},{"taxonomy":"product_tag","embeddable":true,"href":"https:\/\/wizardly-davinci.82-223-8-23.plesk.page\/en\/wp-json\/wp\/v2\/product_tag?post=64713"},{"taxonomy":"edicion","embeddable":true,"href":"https:\/\/wizardly-davinci.82-223-8-23.plesk.page\/en\/wp-json\/wp\/v2\/edicion?post=64713"},{"taxonomy":"editoriales","embeddable":true,"href":"https:\/\/wizardly-davinci.82-223-8-23.plesk.page\/en\/wp-json\/wp\/v2\/editoriales?post=64713"},{"taxonomy":"tienda","embeddable":true,"href":"https:\/\/wizardly-davinci.82-223-8-23.plesk.page\/en\/wp-json\/wp\/v2\/tienda?post=64713"},{"taxonomy":"autor_id","embeddable":true,"href":"https:\/\/wizardly-davinci.82-223-8-23.plesk.page\/en\/wp-json\/wp\/v2\/autor_id?post=64713"},{"taxonomy":"universidades_coeditoras","embeddable":true,"href":"https:\/\/wizardly-davinci.82-223-8-23.plesk.page\/en\/wp-json\/wp\/v2\/universidades_coeditoras?post=64713"},{"taxonomy":"palabras_clave","embeddable":true,"href":"https:\/\/wizardly-davinci.82-223-8-23.plesk.page\/en\/wp-json\/wp\/v2\/palabras_clave?post=64713"},{"taxonomy":"listado_alfabetico","embeddable":true,"href":"https:\/\/wizardly-davinci.82-223-8-23.plesk.page\/en\/wp-json\/wp\/v2\/listado_alfabetico?post=64713"}],"curies":[{"name":"wp","href":"https:\/\/api.w.org\/{rel}","templated":true}]}}