{"id":64721,"date":"2022-09-01T09:56:05","date_gmt":"2022-09-01T07:56:05","guid":{"rendered":"https:\/\/octaedro.com\/?post_type=product&#038;p=64721"},"modified":"2023-06-21T11:18:30","modified_gmt":"2023-06-21T09:18:30","slug":"el-treball-per-projectes","status":"publish","type":"product","link":"https:\/\/wizardly-davinci.82-223-8-23.plesk.page\/en\/producto\/el-treball-per-projectes\/","title":{"rendered":"El treball per projectes"},"content":{"rendered":"","protected":false},"excerpt":{"rendered":"<p>Aquest llibre justifica i reivindica l\u2019escola com a context per a la recerca d\u2019infants i adults. La recerca entesa com a estrat\u00e8gia creativa que respecta i desvetlla les m\u00faltiples formes d\u2019expressar-se i de con\u00e8ixer. S\u2019hi presenta el treball conjunt d\u2019adults i infants d\u2019educaci\u00f3 infantil a l\u2019escola p\u00fablica Les Pinediques de Taradell (Osona) al llarg de gaireb\u00e9 quaranta anys. Una traject\u00f2ria d\u2019experimentaci\u00f3 gr\u00e0cies a la qual s\u2019aprofundeix en el coneixement de l\u2019entorn natural, cient\u00edfic, social, art\u00edstic i cultural, i en els diferents llenguatges. El treball per projectes, recollit en diverses modalitats, \u00e9s sempre el fil conductor de les experi\u00e8ncies. El volum exposa i acull tant la fonamentaci\u00f3 te\u00f2rica com les pr\u00e0ctiques educatives que donen sentit i coher\u00e8ncia als processos desplegats, que entronquen amb els paradigmes contemporanis que han fet avan\u00e7ar l\u2019educaci\u00f3 infantil en les darreres d\u00e8cades. S\u2019hi documenten m\u00e9s de cinquanta experi\u00e8ncies pedag\u00f2giques a les quals s\u2019hi accedeix a trav\u00e9s de codis QR.<\/p>\n","protected":false},"featured_media":64722,"comment_status":"open","ping_status":"closed","template":"","meta":{"_et_pb_use_builder":"","_et_pb_old_content":"","_et_gb_content_width":""},"product_cat":[2614,6675],"product_tag":[2602],"edicion":[1083],"editoriales":[1163],"tienda":[],"autor_id":[],"universidades_coeditoras":[],"palabras_clave":[],"listado_alfabetico":[],"acf":[],"_links":{"self":[{"href":"https:\/\/wizardly-davinci.82-223-8-23.plesk.page\/en\/wp-json\/wp\/v2\/product\/64721"}],"collection":[{"href":"https:\/\/wizardly-davinci.82-223-8-23.plesk.page\/en\/wp-json\/wp\/v2\/product"}],"about":[{"href":"https:\/\/wizardly-davinci.82-223-8-23.plesk.page\/en\/wp-json\/wp\/v2\/types\/product"}],"replies":[{"embeddable":true,"href":"https:\/\/wizardly-davinci.82-223-8-23.plesk.page\/en\/wp-json\/wp\/v2\/comments?post=64721"}],"wp:featuredmedia":[{"embeddable":true,"href":"https:\/\/wizardly-davinci.82-223-8-23.plesk.page\/en\/wp-json\/wp\/v2\/media\/64722"}],"wp:attachment":[{"href":"https:\/\/wizardly-davinci.82-223-8-23.plesk.page\/en\/wp-json\/wp\/v2\/media?parent=64721"}],"wp:term":[{"taxonomy":"product_cat","embeddable":true,"href":"https:\/\/wizardly-davinci.82-223-8-23.plesk.page\/en\/wp-json\/wp\/v2\/product_cat?post=64721"},{"taxonomy":"product_tag","embeddable":true,"href":"https:\/\/wizardly-davinci.82-223-8-23.plesk.page\/en\/wp-json\/wp\/v2\/product_tag?post=64721"},{"taxonomy":"edicion","embeddable":true,"href":"https:\/\/wizardly-davinci.82-223-8-23.plesk.page\/en\/wp-json\/wp\/v2\/edicion?post=64721"},{"taxonomy":"editoriales","embeddable":true,"href":"https:\/\/wizardly-davinci.82-223-8-23.plesk.page\/en\/wp-json\/wp\/v2\/editoriales?post=64721"},{"taxonomy":"tienda","embeddable":true,"href":"https:\/\/wizardly-davinci.82-223-8-23.plesk.page\/en\/wp-json\/wp\/v2\/tienda?post=64721"},{"taxonomy":"autor_id","embeddable":true,"href":"https:\/\/wizardly-davinci.82-223-8-23.plesk.page\/en\/wp-json\/wp\/v2\/autor_id?post=64721"},{"taxonomy":"universidades_coeditoras","embeddable":true,"href":"https:\/\/wizardly-davinci.82-223-8-23.plesk.page\/en\/wp-json\/wp\/v2\/universidades_coeditoras?post=64721"},{"taxonomy":"palabras_clave","embeddable":true,"href":"https:\/\/wizardly-davinci.82-223-8-23.plesk.page\/en\/wp-json\/wp\/v2\/palabras_clave?post=64721"},{"taxonomy":"listado_alfabetico","embeddable":true,"href":"https:\/\/wizardly-davinci.82-223-8-23.plesk.page\/en\/wp-json\/wp\/v2\/listado_alfabetico?post=64721"}],"curies":[{"name":"wp","href":"https:\/\/api.w.org\/{rel}","templated":true}]}}