{"id":64725,"date":"2022-11-01T11:24:09","date_gmt":"2022-11-01T10:24:09","guid":{"rendered":"https:\/\/octaedro.com\/?post_type=product&#038;p=64725"},"modified":"2023-06-21T11:59:21","modified_gmt":"2023-06-21T09:59:21","slug":"violencies-subtils","status":"publish","type":"product","link":"https:\/\/wizardly-davinci.82-223-8-23.plesk.page\/en\/producto\/violencies-subtils\/","title":{"rendered":"Viol\u00e8ncies subtils"},"content":{"rendered":"","protected":false},"excerpt":{"rendered":"<p>Aquest no \u00e9s un llibre f\u00e0cil de llegir, perqu\u00e8 ens posa al davant un mirall no gaire c\u00f2mode de mirar a totes les persones que vivim el dia a dia amb els infants a les escoles bressol i als parvularis.<br \/>\n\u00c9s un estudi rigor\u00f3s i exigent que tracta l\u2019\u00e8tica professional d\u2019educar els infants m\u00e9s petits a partir d\u2019una lectura cr\u00edtica dels gestos quotidians de les persones que treballem a les escoles. L\u2019autora ho anomena viol\u00e8ncies subtils, un nom que fa una mica de mal. Potser les viol\u00e8ncies admeten algun mat\u00eds, per\u00f2 el que \u00e9s segur \u00e9s que no s\u00f3n gens subtils.<br \/>\nHi fa una an\u00e0lisi cr\u00edtica dels petits gestos aparentment sense import\u00e0ncia, per\u00f2 que tenen una gran transcend\u00e8ncia. I ens ajudar\u00e0 sens dubte a millorar la nostra feina de mestres i a respectar els drets dels infants, que es mereixen estar envoltats d\u2019adults amb una gran autoexig\u00e8ncia per parlar i construir, amb el llenguatge dels petits gestos, un entorn quotidi\u00e0 de qualitat.<\/p>\n","protected":false},"featured_media":64726,"comment_status":"open","ping_status":"closed","template":"","meta":{"_et_pb_use_builder":"","_et_pb_old_content":"","_et_gb_content_width":""},"product_cat":[2614,6675],"product_tag":[2602],"edicion":[1083],"editoriales":[1163],"tienda":[],"autor_id":[],"universidades_coeditoras":[],"palabras_clave":[],"listado_alfabetico":[],"acf":[],"_links":{"self":[{"href":"https:\/\/wizardly-davinci.82-223-8-23.plesk.page\/en\/wp-json\/wp\/v2\/product\/64725"}],"collection":[{"href":"https:\/\/wizardly-davinci.82-223-8-23.plesk.page\/en\/wp-json\/wp\/v2\/product"}],"about":[{"href":"https:\/\/wizardly-davinci.82-223-8-23.plesk.page\/en\/wp-json\/wp\/v2\/types\/product"}],"replies":[{"embeddable":true,"href":"https:\/\/wizardly-davinci.82-223-8-23.plesk.page\/en\/wp-json\/wp\/v2\/comments?post=64725"}],"wp:featuredmedia":[{"embeddable":true,"href":"https:\/\/wizardly-davinci.82-223-8-23.plesk.page\/en\/wp-json\/wp\/v2\/media\/64726"}],"wp:attachment":[{"href":"https:\/\/wizardly-davinci.82-223-8-23.plesk.page\/en\/wp-json\/wp\/v2\/media?parent=64725"}],"wp:term":[{"taxonomy":"product_cat","embeddable":true,"href":"https:\/\/wizardly-davinci.82-223-8-23.plesk.page\/en\/wp-json\/wp\/v2\/product_cat?post=64725"},{"taxonomy":"product_tag","embeddable":true,"href":"https:\/\/wizardly-davinci.82-223-8-23.plesk.page\/en\/wp-json\/wp\/v2\/product_tag?post=64725"},{"taxonomy":"edicion","embeddable":true,"href":"https:\/\/wizardly-davinci.82-223-8-23.plesk.page\/en\/wp-json\/wp\/v2\/edicion?post=64725"},{"taxonomy":"editoriales","embeddable":true,"href":"https:\/\/wizardly-davinci.82-223-8-23.plesk.page\/en\/wp-json\/wp\/v2\/editoriales?post=64725"},{"taxonomy":"tienda","embeddable":true,"href":"https:\/\/wizardly-davinci.82-223-8-23.plesk.page\/en\/wp-json\/wp\/v2\/tienda?post=64725"},{"taxonomy":"autor_id","embeddable":true,"href":"https:\/\/wizardly-davinci.82-223-8-23.plesk.page\/en\/wp-json\/wp\/v2\/autor_id?post=64725"},{"taxonomy":"universidades_coeditoras","embeddable":true,"href":"https:\/\/wizardly-davinci.82-223-8-23.plesk.page\/en\/wp-json\/wp\/v2\/universidades_coeditoras?post=64725"},{"taxonomy":"palabras_clave","embeddable":true,"href":"https:\/\/wizardly-davinci.82-223-8-23.plesk.page\/en\/wp-json\/wp\/v2\/palabras_clave?post=64725"},{"taxonomy":"listado_alfabetico","embeddable":true,"href":"https:\/\/wizardly-davinci.82-223-8-23.plesk.page\/en\/wp-json\/wp\/v2\/listado_alfabetico?post=64725"}],"curies":[{"name":"wp","href":"https:\/\/api.w.org\/{rel}","templated":true}]}}