{"id":64732,"date":"2023-03-01T12:25:52","date_gmt":"2023-03-01T11:25:52","guid":{"rendered":"https:\/\/octaedro.com\/?post_type=product&#038;p=64732"},"modified":"2023-06-21T12:33:19","modified_gmt":"2023-06-21T10:33:19","slug":"la-lluna-i-jo","status":"publish","type":"product","link":"https:\/\/wizardly-davinci.82-223-8-23.plesk.page\/en\/producto\/la-lluna-i-jo\/","title":{"rendered":"La lluna i jo"},"content":{"rendered":"","protected":false},"excerpt":{"rendered":"<p>Un gran enrenou ha sacsejat la fam\u00edlia dels corbs: ha nascut una corba que ho fa tot a l\u2019inrev\u00e9s de la resta dels germans. \u00c9s blanca, vola de panxa enlaire, fa preguntes, \u00e9s atrevida i aventurera i posa en dubte que hi hagi una sola manera de viure. La lluna, misteriosa i canviant, esdev\u00e9 la seva amiga.<\/p>\n<p>Les seves fases s\u00f3n un punt de partida per explorar el buit i el ple, el negatiu i el positiu, la llum i l\u2019ombra.<\/p>\n<p>Escrit i il\u00b7lustrat fa m\u00e9s de trenta anys, per\u00f2 amb una vig\u00e8ncia sorprenent, La lluna i jo ens porta a reflexionar sobre el dret a la inclusi\u00f3, el respecte a les difer\u00e8ncies i la necessitat de pertinen\u00e7a i de ser acceptats amb totes les nostres particularitats i prefer\u00e8ncies.<\/p>\n","protected":false},"featured_media":64735,"comment_status":"open","ping_status":"closed","template":"","meta":{"_et_pb_use_builder":"","_et_pb_old_content":"","_et_gb_content_width":""},"product_cat":[2614,6675],"product_tag":[2602],"edicion":[1083],"editoriales":[1163],"tienda":[],"autor_id":[],"universidades_coeditoras":[],"palabras_clave":[],"listado_alfabetico":[],"acf":[],"_links":{"self":[{"href":"https:\/\/wizardly-davinci.82-223-8-23.plesk.page\/en\/wp-json\/wp\/v2\/product\/64732"}],"collection":[{"href":"https:\/\/wizardly-davinci.82-223-8-23.plesk.page\/en\/wp-json\/wp\/v2\/product"}],"about":[{"href":"https:\/\/wizardly-davinci.82-223-8-23.plesk.page\/en\/wp-json\/wp\/v2\/types\/product"}],"replies":[{"embeddable":true,"href":"https:\/\/wizardly-davinci.82-223-8-23.plesk.page\/en\/wp-json\/wp\/v2\/comments?post=64732"}],"wp:featuredmedia":[{"embeddable":true,"href":"https:\/\/wizardly-davinci.82-223-8-23.plesk.page\/en\/wp-json\/wp\/v2\/media\/64735"}],"wp:attachment":[{"href":"https:\/\/wizardly-davinci.82-223-8-23.plesk.page\/en\/wp-json\/wp\/v2\/media?parent=64732"}],"wp:term":[{"taxonomy":"product_cat","embeddable":true,"href":"https:\/\/wizardly-davinci.82-223-8-23.plesk.page\/en\/wp-json\/wp\/v2\/product_cat?post=64732"},{"taxonomy":"product_tag","embeddable":true,"href":"https:\/\/wizardly-davinci.82-223-8-23.plesk.page\/en\/wp-json\/wp\/v2\/product_tag?post=64732"},{"taxonomy":"edicion","embeddable":true,"href":"https:\/\/wizardly-davinci.82-223-8-23.plesk.page\/en\/wp-json\/wp\/v2\/edicion?post=64732"},{"taxonomy":"editoriales","embeddable":true,"href":"https:\/\/wizardly-davinci.82-223-8-23.plesk.page\/en\/wp-json\/wp\/v2\/editoriales?post=64732"},{"taxonomy":"tienda","embeddable":true,"href":"https:\/\/wizardly-davinci.82-223-8-23.plesk.page\/en\/wp-json\/wp\/v2\/tienda?post=64732"},{"taxonomy":"autor_id","embeddable":true,"href":"https:\/\/wizardly-davinci.82-223-8-23.plesk.page\/en\/wp-json\/wp\/v2\/autor_id?post=64732"},{"taxonomy":"universidades_coeditoras","embeddable":true,"href":"https:\/\/wizardly-davinci.82-223-8-23.plesk.page\/en\/wp-json\/wp\/v2\/universidades_coeditoras?post=64732"},{"taxonomy":"palabras_clave","embeddable":true,"href":"https:\/\/wizardly-davinci.82-223-8-23.plesk.page\/en\/wp-json\/wp\/v2\/palabras_clave?post=64732"},{"taxonomy":"listado_alfabetico","embeddable":true,"href":"https:\/\/wizardly-davinci.82-223-8-23.plesk.page\/en\/wp-json\/wp\/v2\/listado_alfabetico?post=64732"}],"curies":[{"name":"wp","href":"https:\/\/api.w.org\/{rel}","templated":true}]}}