{"id":64746,"date":"2022-11-01T17:44:28","date_gmt":"2022-11-01T16:44:28","guid":{"rendered":"https:\/\/octaedro.com\/?post_type=product&#038;p=64746"},"modified":"2023-06-21T18:00:03","modified_gmt":"2023-06-21T16:00:03","slug":"dones-de-la-muntanya","status":"publish","type":"product","link":"https:\/\/wizardly-davinci.82-223-8-23.plesk.page\/en\/producto\/dones-de-la-muntanya\/","title":{"rendered":"Dones de la muntanya"},"content":{"rendered":"","protected":false},"excerpt":{"rendered":"<p><strong>Dones de la muntanya<\/strong> \u00e9s una novel\u00b7la gr\u00e0fica retrat del m\u00f3n rural i pag\u00e8s pirinenc, amb mirada de g\u00e8nere. \u00c9s el diari d\u2019una cient\u00edfica social-natural i activista ecofeminista, <a href=\"https:\/\/pol-len.cat\/autoria\/federica-ravera\/\">Federica Ravera<\/a>, que recorre el Pirineu per con\u00e8ixer la ruralitat d\u2019alta muntanya. Un di\u00e0leg bonic entre la ci\u00e8ncia i l\u2019art, on la protagonista, amb contradiccions d\u2019urbanita i una curiositat ingent, escolta les dones parlar de les problem\u00e0tiques que assolen la pagesia i dels beneficis de la ramaderia i<br \/>\nagricultura d\u2019alta muntanya. Unes veus, les de les dones de la muntanya, que descriuen els seus rols i contribucions, les discriminacions i els sexismes, i les din\u00e0miques de poder que encara perduren en la nostra societat. La il\u00b7lustradora i artista pl\u00e0stica <a href=\"https:\/\/pol-len.cat\/autoria\/martina-many\/\">Martina Many\u00e0<\/a> ha sabut crear en la novel\u00b7la un imaginari prec\u00eds, humanista i natural a la vegada.<\/p>\n","protected":false},"featured_media":64748,"comment_status":"open","ping_status":"closed","template":"","meta":{"_et_pb_use_builder":"","_et_pb_old_content":"","_et_gb_content_width":""},"product_cat":[2614,6675],"product_tag":[2602],"edicion":[1083],"editoriales":[1162],"tienda":[],"autor_id":[23321,23322],"universidades_coeditoras":[],"palabras_clave":[],"listado_alfabetico":[],"acf":[],"_links":{"self":[{"href":"https:\/\/wizardly-davinci.82-223-8-23.plesk.page\/en\/wp-json\/wp\/v2\/product\/64746"}],"collection":[{"href":"https:\/\/wizardly-davinci.82-223-8-23.plesk.page\/en\/wp-json\/wp\/v2\/product"}],"about":[{"href":"https:\/\/wizardly-davinci.82-223-8-23.plesk.page\/en\/wp-json\/wp\/v2\/types\/product"}],"replies":[{"embeddable":true,"href":"https:\/\/wizardly-davinci.82-223-8-23.plesk.page\/en\/wp-json\/wp\/v2\/comments?post=64746"}],"wp:featuredmedia":[{"embeddable":true,"href":"https:\/\/wizardly-davinci.82-223-8-23.plesk.page\/en\/wp-json\/wp\/v2\/media\/64748"}],"wp:attachment":[{"href":"https:\/\/wizardly-davinci.82-223-8-23.plesk.page\/en\/wp-json\/wp\/v2\/media?parent=64746"}],"wp:term":[{"taxonomy":"product_cat","embeddable":true,"href":"https:\/\/wizardly-davinci.82-223-8-23.plesk.page\/en\/wp-json\/wp\/v2\/product_cat?post=64746"},{"taxonomy":"product_tag","embeddable":true,"href":"https:\/\/wizardly-davinci.82-223-8-23.plesk.page\/en\/wp-json\/wp\/v2\/product_tag?post=64746"},{"taxonomy":"edicion","embeddable":true,"href":"https:\/\/wizardly-davinci.82-223-8-23.plesk.page\/en\/wp-json\/wp\/v2\/edicion?post=64746"},{"taxonomy":"editoriales","embeddable":true,"href":"https:\/\/wizardly-davinci.82-223-8-23.plesk.page\/en\/wp-json\/wp\/v2\/editoriales?post=64746"},{"taxonomy":"tienda","embeddable":true,"href":"https:\/\/wizardly-davinci.82-223-8-23.plesk.page\/en\/wp-json\/wp\/v2\/tienda?post=64746"},{"taxonomy":"autor_id","embeddable":true,"href":"https:\/\/wizardly-davinci.82-223-8-23.plesk.page\/en\/wp-json\/wp\/v2\/autor_id?post=64746"},{"taxonomy":"universidades_coeditoras","embeddable":true,"href":"https:\/\/wizardly-davinci.82-223-8-23.plesk.page\/en\/wp-json\/wp\/v2\/universidades_coeditoras?post=64746"},{"taxonomy":"palabras_clave","embeddable":true,"href":"https:\/\/wizardly-davinci.82-223-8-23.plesk.page\/en\/wp-json\/wp\/v2\/palabras_clave?post=64746"},{"taxonomy":"listado_alfabetico","embeddable":true,"href":"https:\/\/wizardly-davinci.82-223-8-23.plesk.page\/en\/wp-json\/wp\/v2\/listado_alfabetico?post=64746"}],"curies":[{"name":"wp","href":"https:\/\/api.w.org\/{rel}","templated":true}]}}