{"id":64797,"date":"2023-06-29T16:06:06","date_gmt":"2023-06-29T14:06:06","guid":{"rendered":"https:\/\/octaedro.com\/?post_type=product&#038;p=64797"},"modified":"2023-07-17T10:40:19","modified_gmt":"2023-07-17T08:40:19","slug":"lenguas-callejeras-paisajes-colectivos-de-las-lenguas-que-nos-rodean","status":"publish","type":"product","link":"https:\/\/wizardly-davinci.82-223-8-23.plesk.page\/en\/producto\/lenguas-callejeras-paisajes-colectivos-de-las-lenguas-que-nos-rodean\/","title":{"rendered":"Lenguas callejeras: paisajes colectivos de las lenguas que nos rodean"},"content":{"rendered":"","protected":false},"excerpt":{"rendered":"<p>Esta gu\u00eda inaugura una serie de recursos para despertar la conciencia socioling\u00fc\u00edstica con los que el proyecto de investigaci\u00f3n-acci\u00f3n EquiLing busca impulsar la participaci\u00f3n colaborativa. Queremos compartir con la sociedad los resultados de nuestra actividad investigadora para fomentar el acompa\u00f1amiento de todas aquellas personas que (ya sea en entornos de educaci\u00f3n formal o informal, en asociaciones o en colectivos de diversa \u00edndole) deseen un modelo de ciudadan\u00eda ling\u00fc\u00edstica m\u00e1s inclusivo y abierto. El objetivo de este ejercicio de ciencia abierta para la educaci\u00f3n popular es poner el foco sobre todas aquellas situaciones (muy frecuentes, pero que a menudo pasan desapercibidas) en las que la lengua juega un papel clave en la generaci\u00f3n y reproducci\u00f3n de situaciones de desigualdad.<\/p>\n<p>En un intento de ir m\u00e1s all\u00e1 y hacer frente a las situaciones injustas sobre las que llamamos la atenci\u00f3n y sobre las cuales compartimos estrategias y herramientas. As\u00ed, seguimos el m\u00e9todo de concientizaci\u00f3n, propuesto por Paulo Freire, de educaci\u00f3n para el cambio social, que aboga por que el conocimiento y la reflexi\u00f3n se entiendan como un quehacer colaborativo y dialogado. Se trata, por tanto, de una toma de conciencia conjunta que lleve a la acci\u00f3n y, para ello, ofrecemos orientaciones, recomendaciones y una secuencia de pasos con los que poner en pr\u00e1ctica talleres en lugares de estudio, trabajo o voluntariado. La gu\u00eda incluye material de apoyo: fichas, v\u00eddeos, glosario y bibliograf\u00eda.<\/p>\n","protected":false},"featured_media":64798,"comment_status":"open","ping_status":"closed","template":"","meta":{"_et_pb_use_builder":"","_et_pb_old_content":"","_et_gb_content_width":""},"product_cat":[2873,6675,6673],"product_tag":[20577],"edicion":[1084,1083],"editoriales":[1160],"tienda":[],"autor_id":[23331,23333,23329],"universidades_coeditoras":[],"palabras_clave":[],"listado_alfabetico":[],"acf":[],"_links":{"self":[{"href":"https:\/\/wizardly-davinci.82-223-8-23.plesk.page\/en\/wp-json\/wp\/v2\/product\/64797"}],"collection":[{"href":"https:\/\/wizardly-davinci.82-223-8-23.plesk.page\/en\/wp-json\/wp\/v2\/product"}],"about":[{"href":"https:\/\/wizardly-davinci.82-223-8-23.plesk.page\/en\/wp-json\/wp\/v2\/types\/product"}],"replies":[{"embeddable":true,"href":"https:\/\/wizardly-davinci.82-223-8-23.plesk.page\/en\/wp-json\/wp\/v2\/comments?post=64797"}],"wp:featuredmedia":[{"embeddable":true,"href":"https:\/\/wizardly-davinci.82-223-8-23.plesk.page\/en\/wp-json\/wp\/v2\/media\/64798"}],"wp:attachment":[{"href":"https:\/\/wizardly-davinci.82-223-8-23.plesk.page\/en\/wp-json\/wp\/v2\/media?parent=64797"}],"wp:term":[{"taxonomy":"product_cat","embeddable":true,"href":"https:\/\/wizardly-davinci.82-223-8-23.plesk.page\/en\/wp-json\/wp\/v2\/product_cat?post=64797"},{"taxonomy":"product_tag","embeddable":true,"href":"https:\/\/wizardly-davinci.82-223-8-23.plesk.page\/en\/wp-json\/wp\/v2\/product_tag?post=64797"},{"taxonomy":"edicion","embeddable":true,"href":"https:\/\/wizardly-davinci.82-223-8-23.plesk.page\/en\/wp-json\/wp\/v2\/edicion?post=64797"},{"taxonomy":"editoriales","embeddable":true,"href":"https:\/\/wizardly-davinci.82-223-8-23.plesk.page\/en\/wp-json\/wp\/v2\/editoriales?post=64797"},{"taxonomy":"tienda","embeddable":true,"href":"https:\/\/wizardly-davinci.82-223-8-23.plesk.page\/en\/wp-json\/wp\/v2\/tienda?post=64797"},{"taxonomy":"autor_id","embeddable":true,"href":"https:\/\/wizardly-davinci.82-223-8-23.plesk.page\/en\/wp-json\/wp\/v2\/autor_id?post=64797"},{"taxonomy":"universidades_coeditoras","embeddable":true,"href":"https:\/\/wizardly-davinci.82-223-8-23.plesk.page\/en\/wp-json\/wp\/v2\/universidades_coeditoras?post=64797"},{"taxonomy":"palabras_clave","embeddable":true,"href":"https:\/\/wizardly-davinci.82-223-8-23.plesk.page\/en\/wp-json\/wp\/v2\/palabras_clave?post=64797"},{"taxonomy":"listado_alfabetico","embeddable":true,"href":"https:\/\/wizardly-davinci.82-223-8-23.plesk.page\/en\/wp-json\/wp\/v2\/listado_alfabetico?post=64797"}],"curies":[{"name":"wp","href":"https:\/\/api.w.org\/{rel}","templated":true}]}}