{"id":64805,"date":"2023-06-28T16:33:46","date_gmt":"2023-06-28T14:33:46","guid":{"rendered":"https:\/\/octaedro.com\/?post_type=product&#038;p=64805"},"modified":"2023-07-05T17:01:47","modified_gmt":"2023-07-05T15:01:47","slug":"la-formacion-de-los-profesionales-en-programas-de-educacion-familiar-claves-para-el-exito","status":"publish","type":"product","link":"https:\/\/wizardly-davinci.82-223-8-23.plesk.page\/en\/producto\/la-formacion-de-los-profesionales-en-programas-de-educacion-familiar-claves-para-el-exito\/","title":{"rendered":"La formaci\u00f3n de los profesionales en programas de educaci\u00f3n familiar: claves para el \u00e9xito"},"content":{"rendered":"","protected":false},"excerpt":{"rendered":"<p>La intervenci\u00f3n socioeducativa en el contexto familiar es una estrategia fundamental para la potenciaci\u00f3n de factores de protecci\u00f3n y mejora de las habilidades y las relaciones en la familia. Concretamente, los programas preventivos familiares basados en la evidencia han mostrado su eficacia en las intervenciones que responden a situaciones de vulnerabilidad en la infancia y la adolescencia. La fundamentaci\u00f3n y componentes de estos programas es esencial al igual que el rol de los profesionales que los aplican. Sobre este tema trata el contenido de esta publicaci\u00f3n. El papel del formador adquiere un lugar central en la aplicaci\u00f3n de los programas y en cada uno de los cap\u00edtulos se aporta conocimiento sobre la pr\u00e1ctica y la experiencia acumulada de distintos programas especializados en la prevenci\u00f3n familiar. A trav\u00e9s de la contribuci\u00f3n de expertos nacionales e internacionales de reconocido prestigio en el \u00e1mbito de la prevenci\u00f3n familiar, en el libro se describen y analizan las competencias profesionales necesarias para el desarrollo de estos programas, los procesos formativos orientados a la capacitaci\u00f3n de los formadores, sus distintas modalidades, los contenidos, la metodolog\u00eda de las formaciones espec\u00edficas, el plan de seguimiento y supervisi\u00f3n, las estrategias que se utilizan en los procesos formativos y el impacto del desempe\u00f1o de los formadores en la eficacia de los programas.<\/p>\n","protected":false},"featured_media":64806,"comment_status":"open","ping_status":"closed","template":"","meta":{"_et_pb_use_builder":"","_et_pb_old_content":"","_et_gb_content_width":""},"product_cat":[6936,6675],"product_tag":[2602],"edicion":[1083],"editoriales":[1160],"tienda":[],"autor_id":[6085,23337,23335],"universidades_coeditoras":[],"palabras_clave":[],"listado_alfabetico":[],"acf":[],"_links":{"self":[{"href":"https:\/\/wizardly-davinci.82-223-8-23.plesk.page\/en\/wp-json\/wp\/v2\/product\/64805"}],"collection":[{"href":"https:\/\/wizardly-davinci.82-223-8-23.plesk.page\/en\/wp-json\/wp\/v2\/product"}],"about":[{"href":"https:\/\/wizardly-davinci.82-223-8-23.plesk.page\/en\/wp-json\/wp\/v2\/types\/product"}],"replies":[{"embeddable":true,"href":"https:\/\/wizardly-davinci.82-223-8-23.plesk.page\/en\/wp-json\/wp\/v2\/comments?post=64805"}],"wp:featuredmedia":[{"embeddable":true,"href":"https:\/\/wizardly-davinci.82-223-8-23.plesk.page\/en\/wp-json\/wp\/v2\/media\/64806"}],"wp:attachment":[{"href":"https:\/\/wizardly-davinci.82-223-8-23.plesk.page\/en\/wp-json\/wp\/v2\/media?parent=64805"}],"wp:term":[{"taxonomy":"product_cat","embeddable":true,"href":"https:\/\/wizardly-davinci.82-223-8-23.plesk.page\/en\/wp-json\/wp\/v2\/product_cat?post=64805"},{"taxonomy":"product_tag","embeddable":true,"href":"https:\/\/wizardly-davinci.82-223-8-23.plesk.page\/en\/wp-json\/wp\/v2\/product_tag?post=64805"},{"taxonomy":"edicion","embeddable":true,"href":"https:\/\/wizardly-davinci.82-223-8-23.plesk.page\/en\/wp-json\/wp\/v2\/edicion?post=64805"},{"taxonomy":"editoriales","embeddable":true,"href":"https:\/\/wizardly-davinci.82-223-8-23.plesk.page\/en\/wp-json\/wp\/v2\/editoriales?post=64805"},{"taxonomy":"tienda","embeddable":true,"href":"https:\/\/wizardly-davinci.82-223-8-23.plesk.page\/en\/wp-json\/wp\/v2\/tienda?post=64805"},{"taxonomy":"autor_id","embeddable":true,"href":"https:\/\/wizardly-davinci.82-223-8-23.plesk.page\/en\/wp-json\/wp\/v2\/autor_id?post=64805"},{"taxonomy":"universidades_coeditoras","embeddable":true,"href":"https:\/\/wizardly-davinci.82-223-8-23.plesk.page\/en\/wp-json\/wp\/v2\/universidades_coeditoras?post=64805"},{"taxonomy":"palabras_clave","embeddable":true,"href":"https:\/\/wizardly-davinci.82-223-8-23.plesk.page\/en\/wp-json\/wp\/v2\/palabras_clave?post=64805"},{"taxonomy":"listado_alfabetico","embeddable":true,"href":"https:\/\/wizardly-davinci.82-223-8-23.plesk.page\/en\/wp-json\/wp\/v2\/listado_alfabetico?post=64805"}],"curies":[{"name":"wp","href":"https:\/\/api.w.org\/{rel}","templated":true}]}}