{"id":64812,"date":"2023-06-28T17:07:37","date_gmt":"2023-06-28T15:07:37","guid":{"rendered":"https:\/\/octaedro.com\/?post_type=product&#038;p=64812"},"modified":"2023-06-28T17:07:54","modified_gmt":"2023-06-28T15:07:54","slug":"simulacion-como-metodologia-docente-en-las-aulas-universitarias","status":"publish","type":"product","link":"https:\/\/wizardly-davinci.82-223-8-23.plesk.page\/en\/producto\/simulacion-como-metodologia-docente-en-las-aulas-universitarias\/","title":{"rendered":"Simulaci\u00f3n como metodolog\u00eda docente en las aulas universitarias"},"content":{"rendered":"","protected":false},"excerpt":{"rendered":"<p><em>Simulaci\u00f3n como metodolog\u00eda docente en el \u00e1mbito universitario. Una introducci\u00f3n<\/em> tiene como objetivo dar a conocer los principales ingredientes de esta metodolog\u00eda para su aplicaci\u00f3n en el aula de educaci\u00f3n superior. Se trata de una obra que ofrece distintas herramientas pr\u00e1cticas sobre el dise\u00f1o de experiencias de simulaci\u00f3n y su despliegue para la adquisici\u00f3n de competencias para el desarrollo profesional. A su vez, analiza las principales fases que comprende una sesi\u00f3n de simulaci\u00f3n (<em>briefing<\/em>-simulaci\u00f3n-<em>debriefing<\/em>) y comparte t\u00e9cnicas y recursos espec\u00edficos para su puesta en marcha. Es una obra altamente recomendable para el profesorado universitario que desee incorporar la simulaci\u00f3n en su contexto de aula.<\/p>\n","protected":false},"featured_media":64813,"comment_status":"open","ping_status":"closed","template":"","meta":{"_et_pb_use_builder":"","_et_pb_old_content":"","_et_gb_content_width":""},"product_cat":[2873,6673],"product_tag":[7559],"edicion":[1084],"editoriales":[1160,8810],"tienda":[],"autor_id":[23342,23344],"universidades_coeditoras":[],"palabras_clave":[],"listado_alfabetico":[],"acf":[],"_links":{"self":[{"href":"https:\/\/wizardly-davinci.82-223-8-23.plesk.page\/en\/wp-json\/wp\/v2\/product\/64812"}],"collection":[{"href":"https:\/\/wizardly-davinci.82-223-8-23.plesk.page\/en\/wp-json\/wp\/v2\/product"}],"about":[{"href":"https:\/\/wizardly-davinci.82-223-8-23.plesk.page\/en\/wp-json\/wp\/v2\/types\/product"}],"replies":[{"embeddable":true,"href":"https:\/\/wizardly-davinci.82-223-8-23.plesk.page\/en\/wp-json\/wp\/v2\/comments?post=64812"}],"wp:featuredmedia":[{"embeddable":true,"href":"https:\/\/wizardly-davinci.82-223-8-23.plesk.page\/en\/wp-json\/wp\/v2\/media\/64813"}],"wp:attachment":[{"href":"https:\/\/wizardly-davinci.82-223-8-23.plesk.page\/en\/wp-json\/wp\/v2\/media?parent=64812"}],"wp:term":[{"taxonomy":"product_cat","embeddable":true,"href":"https:\/\/wizardly-davinci.82-223-8-23.plesk.page\/en\/wp-json\/wp\/v2\/product_cat?post=64812"},{"taxonomy":"product_tag","embeddable":true,"href":"https:\/\/wizardly-davinci.82-223-8-23.plesk.page\/en\/wp-json\/wp\/v2\/product_tag?post=64812"},{"taxonomy":"edicion","embeddable":true,"href":"https:\/\/wizardly-davinci.82-223-8-23.plesk.page\/en\/wp-json\/wp\/v2\/edicion?post=64812"},{"taxonomy":"editoriales","embeddable":true,"href":"https:\/\/wizardly-davinci.82-223-8-23.plesk.page\/en\/wp-json\/wp\/v2\/editoriales?post=64812"},{"taxonomy":"tienda","embeddable":true,"href":"https:\/\/wizardly-davinci.82-223-8-23.plesk.page\/en\/wp-json\/wp\/v2\/tienda?post=64812"},{"taxonomy":"autor_id","embeddable":true,"href":"https:\/\/wizardly-davinci.82-223-8-23.plesk.page\/en\/wp-json\/wp\/v2\/autor_id?post=64812"},{"taxonomy":"universidades_coeditoras","embeddable":true,"href":"https:\/\/wizardly-davinci.82-223-8-23.plesk.page\/en\/wp-json\/wp\/v2\/universidades_coeditoras?post=64812"},{"taxonomy":"palabras_clave","embeddable":true,"href":"https:\/\/wizardly-davinci.82-223-8-23.plesk.page\/en\/wp-json\/wp\/v2\/palabras_clave?post=64812"},{"taxonomy":"listado_alfabetico","embeddable":true,"href":"https:\/\/wizardly-davinci.82-223-8-23.plesk.page\/en\/wp-json\/wp\/v2\/listado_alfabetico?post=64812"}],"curies":[{"name":"wp","href":"https:\/\/api.w.org\/{rel}","templated":true}]}}