{"id":64818,"date":"2023-06-28T17:25:17","date_gmt":"2023-06-28T15:25:17","guid":{"rendered":"https:\/\/octaedro.com\/?post_type=product&#038;p=64818"},"modified":"2023-06-28T17:25:37","modified_gmt":"2023-06-28T15:25:37","slug":"simulacio-com-a-metodologia-docent-a-les-aules-universitaries","status":"publish","type":"product","link":"https:\/\/wizardly-davinci.82-223-8-23.plesk.page\/en\/producto\/simulacio-com-a-metodologia-docent-a-les-aules-universitaries\/","title":{"rendered":"Simulaci\u00f3 com a metodologia docent a les aules universit\u00e0ries"},"content":{"rendered":"","protected":false},"excerpt":{"rendered":"<p><em>Simulaci\u00f3 com a metodologia docent en l\u2019\u00e0mbit universitari. Una introducci\u00f3<\/em> t\u00e9 com a objectiu donar a con\u00e8ixer els principals ingredients d\u2019aquesta metodologia per a la seva aplicaci\u00f3 a l\u2019aula d\u2019educaci\u00f3 superior. Es tracta d\u2019una obra que ofereix diferents eines pr\u00e0ctiques sobre el disseny d\u2019experi\u00e8ncies de simulaci\u00f3 i el seu desplegament per a l\u2019adquisici\u00f3 de compet\u00e8ncies per al desenvolupament professional. Al seu torn, analitza les principals fases que compr\u00e8n una sessi\u00f3 de simulaci\u00f3 (<em>br\u00edfing<\/em>-simulaci\u00f3-<em>debriefing<\/em>) i comparteix t\u00e8cniques i recursos espec\u00edfics per a la seva posada en marxa. \u00c9s una obra altament recomanable per al professorat universitari que desitgi incorporar la simulaci\u00f3 en el seu context d\u2019aula.<\/p>\n","protected":false},"featured_media":64819,"comment_status":"open","ping_status":"closed","template":"","meta":{"_et_pb_use_builder":"","_et_pb_old_content":"","_et_gb_content_width":""},"product_cat":[2873,6673],"product_tag":[7559],"edicion":[1084],"editoriales":[1160,8810],"tienda":[],"autor_id":[23342,23344],"universidades_coeditoras":[],"palabras_clave":[],"listado_alfabetico":[],"acf":[],"_links":{"self":[{"href":"https:\/\/wizardly-davinci.82-223-8-23.plesk.page\/en\/wp-json\/wp\/v2\/product\/64818"}],"collection":[{"href":"https:\/\/wizardly-davinci.82-223-8-23.plesk.page\/en\/wp-json\/wp\/v2\/product"}],"about":[{"href":"https:\/\/wizardly-davinci.82-223-8-23.plesk.page\/en\/wp-json\/wp\/v2\/types\/product"}],"replies":[{"embeddable":true,"href":"https:\/\/wizardly-davinci.82-223-8-23.plesk.page\/en\/wp-json\/wp\/v2\/comments?post=64818"}],"wp:featuredmedia":[{"embeddable":true,"href":"https:\/\/wizardly-davinci.82-223-8-23.plesk.page\/en\/wp-json\/wp\/v2\/media\/64819"}],"wp:attachment":[{"href":"https:\/\/wizardly-davinci.82-223-8-23.plesk.page\/en\/wp-json\/wp\/v2\/media?parent=64818"}],"wp:term":[{"taxonomy":"product_cat","embeddable":true,"href":"https:\/\/wizardly-davinci.82-223-8-23.plesk.page\/en\/wp-json\/wp\/v2\/product_cat?post=64818"},{"taxonomy":"product_tag","embeddable":true,"href":"https:\/\/wizardly-davinci.82-223-8-23.plesk.page\/en\/wp-json\/wp\/v2\/product_tag?post=64818"},{"taxonomy":"edicion","embeddable":true,"href":"https:\/\/wizardly-davinci.82-223-8-23.plesk.page\/en\/wp-json\/wp\/v2\/edicion?post=64818"},{"taxonomy":"editoriales","embeddable":true,"href":"https:\/\/wizardly-davinci.82-223-8-23.plesk.page\/en\/wp-json\/wp\/v2\/editoriales?post=64818"},{"taxonomy":"tienda","embeddable":true,"href":"https:\/\/wizardly-davinci.82-223-8-23.plesk.page\/en\/wp-json\/wp\/v2\/tienda?post=64818"},{"taxonomy":"autor_id","embeddable":true,"href":"https:\/\/wizardly-davinci.82-223-8-23.plesk.page\/en\/wp-json\/wp\/v2\/autor_id?post=64818"},{"taxonomy":"universidades_coeditoras","embeddable":true,"href":"https:\/\/wizardly-davinci.82-223-8-23.plesk.page\/en\/wp-json\/wp\/v2\/universidades_coeditoras?post=64818"},{"taxonomy":"palabras_clave","embeddable":true,"href":"https:\/\/wizardly-davinci.82-223-8-23.plesk.page\/en\/wp-json\/wp\/v2\/palabras_clave?post=64818"},{"taxonomy":"listado_alfabetico","embeddable":true,"href":"https:\/\/wizardly-davinci.82-223-8-23.plesk.page\/en\/wp-json\/wp\/v2\/listado_alfabetico?post=64818"}],"curies":[{"name":"wp","href":"https:\/\/api.w.org\/{rel}","templated":true}]}}