{"id":64913,"date":"2023-07-12T18:17:02","date_gmt":"2023-07-12T16:17:02","guid":{"rendered":"https:\/\/octaedro.com\/?post_type=product&#038;p=64913"},"modified":"2023-08-01T16:30:04","modified_gmt":"2023-08-01T14:30:04","slug":"estrategias-pedagogicas-de-la-ensenanza-virtual-en-la-educacion-superior","status":"publish","type":"product","link":"https:\/\/wizardly-davinci.82-223-8-23.plesk.page\/en\/producto\/estrategias-pedagogicas-de-la-ensenanza-virtual-en-la-educacion-superior\/","title":{"rendered":"Estrategias pedag\u00f3gicas de la ense\u00f1anza virtual en la educaci\u00f3n superior"},"content":{"rendered":"","protected":false},"excerpt":{"rendered":"<p>Este cuaderno, resultado de un trabajo conjunto y con una mirada de comunidad, se comparten estrategias pedag\u00f3gicas de la ense\u00f1anza virtual en ense\u00f1anza superior a modo de experiencias docentes. Estas estrategias hacen referencia a experiencias de acompa\u00f1amiento individual en la formaci\u00f3n virtual; experiencias de participaci\u00f3n activa del alumnado en las aulas en l\u00ednea y experiencias de comunidad y cohesi\u00f3n de grupo en espacios de formaci\u00f3n en l\u00ednea. A modo de conclusi\u00f3n se destina un espacio a aportaciones finales con car\u00e1cter reflexivo y de di\u00e1logo. Entre ellas, se destaca la importancia de la construcci\u00f3n de la comunidad de aprendizaje; la importancia de escuchar e incorporar al alumnado tanto en la docencia como en la investigaci\u00f3n y el aprovechamiento de las oportunidades que la tecnolog\u00eda nos brinda de trabajar en colaboraci\u00f3n con el mundo industrial, el tercer sector social y las instituciones p\u00fablicas.<\/p>\n<p>Esperamos que esta recopilaci\u00f3n sea de inter\u00e9s e impulse a seguir trabajando para encontrar estrategias que mejoren la calidad y el impacto de la educaci\u00f3n superior con el fin de convertir el espacio virtual en una comunidad de aprendizaje, participativa y din\u00e1mica.<\/p>\n","protected":false},"featured_media":65124,"comment_status":"open","ping_status":"closed","template":"","meta":{"_et_pb_use_builder":"","_et_pb_old_content":"","_et_gb_content_width":""},"product_cat":[2873,6673],"product_tag":[7559],"edicion":[1084],"editoriales":[1160,8810],"tienda":[],"autor_id":[23351,23353],"universidades_coeditoras":[],"palabras_clave":[],"listado_alfabetico":[],"acf":[],"_links":{"self":[{"href":"https:\/\/wizardly-davinci.82-223-8-23.plesk.page\/en\/wp-json\/wp\/v2\/product\/64913"}],"collection":[{"href":"https:\/\/wizardly-davinci.82-223-8-23.plesk.page\/en\/wp-json\/wp\/v2\/product"}],"about":[{"href":"https:\/\/wizardly-davinci.82-223-8-23.plesk.page\/en\/wp-json\/wp\/v2\/types\/product"}],"replies":[{"embeddable":true,"href":"https:\/\/wizardly-davinci.82-223-8-23.plesk.page\/en\/wp-json\/wp\/v2\/comments?post=64913"}],"wp:featuredmedia":[{"embeddable":true,"href":"https:\/\/wizardly-davinci.82-223-8-23.plesk.page\/en\/wp-json\/wp\/v2\/media\/65124"}],"wp:attachment":[{"href":"https:\/\/wizardly-davinci.82-223-8-23.plesk.page\/en\/wp-json\/wp\/v2\/media?parent=64913"}],"wp:term":[{"taxonomy":"product_cat","embeddable":true,"href":"https:\/\/wizardly-davinci.82-223-8-23.plesk.page\/en\/wp-json\/wp\/v2\/product_cat?post=64913"},{"taxonomy":"product_tag","embeddable":true,"href":"https:\/\/wizardly-davinci.82-223-8-23.plesk.page\/en\/wp-json\/wp\/v2\/product_tag?post=64913"},{"taxonomy":"edicion","embeddable":true,"href":"https:\/\/wizardly-davinci.82-223-8-23.plesk.page\/en\/wp-json\/wp\/v2\/edicion?post=64913"},{"taxonomy":"editoriales","embeddable":true,"href":"https:\/\/wizardly-davinci.82-223-8-23.plesk.page\/en\/wp-json\/wp\/v2\/editoriales?post=64913"},{"taxonomy":"tienda","embeddable":true,"href":"https:\/\/wizardly-davinci.82-223-8-23.plesk.page\/en\/wp-json\/wp\/v2\/tienda?post=64913"},{"taxonomy":"autor_id","embeddable":true,"href":"https:\/\/wizardly-davinci.82-223-8-23.plesk.page\/en\/wp-json\/wp\/v2\/autor_id?post=64913"},{"taxonomy":"universidades_coeditoras","embeddable":true,"href":"https:\/\/wizardly-davinci.82-223-8-23.plesk.page\/en\/wp-json\/wp\/v2\/universidades_coeditoras?post=64913"},{"taxonomy":"palabras_clave","embeddable":true,"href":"https:\/\/wizardly-davinci.82-223-8-23.plesk.page\/en\/wp-json\/wp\/v2\/palabras_clave?post=64913"},{"taxonomy":"listado_alfabetico","embeddable":true,"href":"https:\/\/wizardly-davinci.82-223-8-23.plesk.page\/en\/wp-json\/wp\/v2\/listado_alfabetico?post=64913"}],"curies":[{"name":"wp","href":"https:\/\/api.w.org\/{rel}","templated":true}]}}