{"id":64920,"date":"2023-07-12T18:40:42","date_gmt":"2023-07-12T16:40:42","guid":{"rendered":"https:\/\/octaedro.com\/?post_type=product&#038;p=64920"},"modified":"2023-08-01T16:36:10","modified_gmt":"2023-08-01T14:36:10","slug":"estrategies-pedagogiques-de-lensenyament-virtual-a-leducacio-superior","status":"publish","type":"product","link":"https:\/\/wizardly-davinci.82-223-8-23.plesk.page\/en\/producto\/estrategies-pedagogiques-de-lensenyament-virtual-a-leducacio-superior\/","title":{"rendered":"Estrat\u00e8gies pedag\u00f2giques de l&#8217;ensenyament virtual a l&#8217;educaci\u00f3 superior"},"content":{"rendered":"","protected":false},"excerpt":{"rendered":"<p>Aquest quadern, resultat d\u2019un treball conjunt i amb una mirada de comunitat, es comparteixen estrat\u00e8gies pedag\u00f2giques de l\u2019ensenyament virtual en ensenyament superior a mode d\u2019experi\u00e8ncies docents. Aquestes estrat\u00e8gies fan refer\u00e8ncia a experi\u00e8ncies d&#8217;acompanyament individual a la formaci\u00f3 virtual; experi\u00e8ncies de participaci\u00f3 activa de l&#8217;alumnat a les aules en l\u00ednia i experi\u00e8ncies de comunitat i cohesi\u00f3 de grup en espais de formaci\u00f3 en l\u00ednia. A mode de conclusi\u00f3 es destina un espai a aportacions finals amb car\u00e0cter reflexiu i de di\u00e0leg. Entre aquestes, es destaca la import\u00e0ncia de la construcci\u00f3 de la comunitat d\u2019aprenentatge; la import\u00e0ncia d&#8217;escoltar i incorporar l&#8217;alumnat tant a la doc\u00e8ncia com a la investigaci\u00f3 i l&#8217;aprofitament de les oportunitats que la tecnologia ens brinda de treballar en col\u00b7laboraci\u00f3 amb el m\u00f3n industrial, el tercer sector social i les institucions p\u00fabliques.<\/p>\n<p>Esperem que aquesta recopilaci\u00f3 sigui d\u2019inter\u00e8s i impulsi a continuar treballant per trobar estrat\u00e8gies que millorin la qualitat i l\u2019impacte de l\u2019educaci\u00f3 superior per tal de convertir l\u2019espai virtual en una comunitat d\u2019aprenentatge, participativa i din\u00e0mica.<\/p>\n","protected":false},"featured_media":65128,"comment_status":"open","ping_status":"closed","template":"","meta":{"_et_pb_use_builder":"","_et_pb_old_content":"","_et_gb_content_width":""},"product_cat":[2873,6673],"product_tag":[7559],"edicion":[1084],"editoriales":[1160,8810],"tienda":[],"autor_id":[23351,23353],"universidades_coeditoras":[],"palabras_clave":[],"listado_alfabetico":[],"acf":[],"_links":{"self":[{"href":"https:\/\/wizardly-davinci.82-223-8-23.plesk.page\/en\/wp-json\/wp\/v2\/product\/64920"}],"collection":[{"href":"https:\/\/wizardly-davinci.82-223-8-23.plesk.page\/en\/wp-json\/wp\/v2\/product"}],"about":[{"href":"https:\/\/wizardly-davinci.82-223-8-23.plesk.page\/en\/wp-json\/wp\/v2\/types\/product"}],"replies":[{"embeddable":true,"href":"https:\/\/wizardly-davinci.82-223-8-23.plesk.page\/en\/wp-json\/wp\/v2\/comments?post=64920"}],"wp:featuredmedia":[{"embeddable":true,"href":"https:\/\/wizardly-davinci.82-223-8-23.plesk.page\/en\/wp-json\/wp\/v2\/media\/65128"}],"wp:attachment":[{"href":"https:\/\/wizardly-davinci.82-223-8-23.plesk.page\/en\/wp-json\/wp\/v2\/media?parent=64920"}],"wp:term":[{"taxonomy":"product_cat","embeddable":true,"href":"https:\/\/wizardly-davinci.82-223-8-23.plesk.page\/en\/wp-json\/wp\/v2\/product_cat?post=64920"},{"taxonomy":"product_tag","embeddable":true,"href":"https:\/\/wizardly-davinci.82-223-8-23.plesk.page\/en\/wp-json\/wp\/v2\/product_tag?post=64920"},{"taxonomy":"edicion","embeddable":true,"href":"https:\/\/wizardly-davinci.82-223-8-23.plesk.page\/en\/wp-json\/wp\/v2\/edicion?post=64920"},{"taxonomy":"editoriales","embeddable":true,"href":"https:\/\/wizardly-davinci.82-223-8-23.plesk.page\/en\/wp-json\/wp\/v2\/editoriales?post=64920"},{"taxonomy":"tienda","embeddable":true,"href":"https:\/\/wizardly-davinci.82-223-8-23.plesk.page\/en\/wp-json\/wp\/v2\/tienda?post=64920"},{"taxonomy":"autor_id","embeddable":true,"href":"https:\/\/wizardly-davinci.82-223-8-23.plesk.page\/en\/wp-json\/wp\/v2\/autor_id?post=64920"},{"taxonomy":"universidades_coeditoras","embeddable":true,"href":"https:\/\/wizardly-davinci.82-223-8-23.plesk.page\/en\/wp-json\/wp\/v2\/universidades_coeditoras?post=64920"},{"taxonomy":"palabras_clave","embeddable":true,"href":"https:\/\/wizardly-davinci.82-223-8-23.plesk.page\/en\/wp-json\/wp\/v2\/palabras_clave?post=64920"},{"taxonomy":"listado_alfabetico","embeddable":true,"href":"https:\/\/wizardly-davinci.82-223-8-23.plesk.page\/en\/wp-json\/wp\/v2\/listado_alfabetico?post=64920"}],"curies":[{"name":"wp","href":"https:\/\/api.w.org\/{rel}","templated":true}]}}