{"id":64968,"date":"2023-07-20T17:22:17","date_gmt":"2023-07-20T15:22:17","guid":{"rendered":"https:\/\/octaedro.com\/?post_type=product&#038;p=64968"},"modified":"2023-07-31T17:38:08","modified_gmt":"2023-07-31T15:38:08","slug":"psicopedagogia","status":"publish","type":"product","link":"https:\/\/wizardly-davinci.82-223-8-23.plesk.page\/en\/producto\/psicopedagogia\/","title":{"rendered":"Psicopedagog\u00eda"},"content":{"rendered":"","protected":false},"excerpt":{"rendered":"<p>Esta obra ha sido realizada por el profesorado que imparte docencia en el M\u00e1ster Universitario en Psicopedagog\u00eda de la Universidad de M\u00e1laga (Andaluc\u00eda, Espa\u00f1a), docentes e investigadores comprometidos con la psicopedagog\u00eda, la inclusi\u00f3n educativa y la atenci\u00f3n a la diversidad.<\/p>\n<p>En este libro se ofrece una actualizaci\u00f3n innovadora y moderna de la situaci\u00f3n actual de la psicopedagog\u00eda como espacio profesional de corte interseccional que persigue favorecer las mejores condiciones y oportunidades de aprendizaje para todas las personas, especialmente para aquellas que presentan necesidades espec\u00edficas de apoyo educativo.<\/p>\n<p>Adem\u00e1s, pretende servir de apoyo a todo el alumnado que curse estudios de posgrado en el M\u00e1ster, as\u00ed como a todos aquellos que est\u00e9n interesados en continuar su formaci\u00f3n en el \u00e1mbito de la psicopedagog\u00eda.<\/p>\n","protected":false},"featured_media":64969,"comment_status":"open","ping_status":"closed","template":"","meta":{"_et_pb_use_builder":"","_et_pb_old_content":"","_et_gb_content_width":""},"product_cat":[6936,6675,9825],"product_tag":[2602],"edicion":[1083],"editoriales":[1160],"tienda":[],"autor_id":[23369,5800],"universidades_coeditoras":[],"palabras_clave":[],"listado_alfabetico":[],"acf":[],"_links":{"self":[{"href":"https:\/\/wizardly-davinci.82-223-8-23.plesk.page\/en\/wp-json\/wp\/v2\/product\/64968"}],"collection":[{"href":"https:\/\/wizardly-davinci.82-223-8-23.plesk.page\/en\/wp-json\/wp\/v2\/product"}],"about":[{"href":"https:\/\/wizardly-davinci.82-223-8-23.plesk.page\/en\/wp-json\/wp\/v2\/types\/product"}],"replies":[{"embeddable":true,"href":"https:\/\/wizardly-davinci.82-223-8-23.plesk.page\/en\/wp-json\/wp\/v2\/comments?post=64968"}],"wp:featuredmedia":[{"embeddable":true,"href":"https:\/\/wizardly-davinci.82-223-8-23.plesk.page\/en\/wp-json\/wp\/v2\/media\/64969"}],"wp:attachment":[{"href":"https:\/\/wizardly-davinci.82-223-8-23.plesk.page\/en\/wp-json\/wp\/v2\/media?parent=64968"}],"wp:term":[{"taxonomy":"product_cat","embeddable":true,"href":"https:\/\/wizardly-davinci.82-223-8-23.plesk.page\/en\/wp-json\/wp\/v2\/product_cat?post=64968"},{"taxonomy":"product_tag","embeddable":true,"href":"https:\/\/wizardly-davinci.82-223-8-23.plesk.page\/en\/wp-json\/wp\/v2\/product_tag?post=64968"},{"taxonomy":"edicion","embeddable":true,"href":"https:\/\/wizardly-davinci.82-223-8-23.plesk.page\/en\/wp-json\/wp\/v2\/edicion?post=64968"},{"taxonomy":"editoriales","embeddable":true,"href":"https:\/\/wizardly-davinci.82-223-8-23.plesk.page\/en\/wp-json\/wp\/v2\/editoriales?post=64968"},{"taxonomy":"tienda","embeddable":true,"href":"https:\/\/wizardly-davinci.82-223-8-23.plesk.page\/en\/wp-json\/wp\/v2\/tienda?post=64968"},{"taxonomy":"autor_id","embeddable":true,"href":"https:\/\/wizardly-davinci.82-223-8-23.plesk.page\/en\/wp-json\/wp\/v2\/autor_id?post=64968"},{"taxonomy":"universidades_coeditoras","embeddable":true,"href":"https:\/\/wizardly-davinci.82-223-8-23.plesk.page\/en\/wp-json\/wp\/v2\/universidades_coeditoras?post=64968"},{"taxonomy":"palabras_clave","embeddable":true,"href":"https:\/\/wizardly-davinci.82-223-8-23.plesk.page\/en\/wp-json\/wp\/v2\/palabras_clave?post=64968"},{"taxonomy":"listado_alfabetico","embeddable":true,"href":"https:\/\/wizardly-davinci.82-223-8-23.plesk.page\/en\/wp-json\/wp\/v2\/listado_alfabetico?post=64968"}],"curies":[{"name":"wp","href":"https:\/\/api.w.org\/{rel}","templated":true}]}}