{"id":64980,"date":"2023-07-18T17:57:55","date_gmt":"2023-07-18T15:57:55","guid":{"rendered":"https:\/\/octaedro.com\/?post_type=product&#038;p=64980"},"modified":"2023-08-01T13:19:50","modified_gmt":"2023-08-01T11:19:50","slug":"en-busca-de-recursos-para-el-desarrollo-profesional-docente-del-profesorado-de-musica","status":"publish","type":"product","link":"https:\/\/wizardly-davinci.82-223-8-23.plesk.page\/en\/producto\/en-busca-de-recursos-para-el-desarrollo-profesional-docente-del-profesorado-de-musica\/","title":{"rendered":"En busca de recursos para el desarrollo profesional docente del profesorado de m\u00fasica: acciones para el cambio"},"content":{"rendered":"","protected":false},"excerpt":{"rendered":"<p>Este libro ofrece un acercamiento a la realidad del desarrollo profesional docente y a la formaci\u00f3n permanente del profesorado de m\u00fasica en Espa\u00f1a. Se compone de cinco estudios de caso que profundizan en las singularidades de la formaci\u00f3n permanente en diferentes contextos de Espa\u00f1a y el \u00e1mbito internacional (Estados Unidos y Singapur). Partimos del hecho de que la formaci\u00f3n permanente es esencial para garantizar que los docentes est\u00e9n preparados y que puedan afrontar los desaf\u00edos y los cambios en la educaci\u00f3n. Para ello es imprescindible el acceso a oportunidades de desarrollo profesional que permitan a los docentes mejorar sus habilidades, conocimientos e identidad profesional.<\/p>\n<p>A lo largo del volumen se ofrecen estrategias para promover una verdadera transformaci\u00f3n en el desarrollo profesional de los docentes de m\u00fasica y se concluye con tres acciones clave para el cambio: la necesidad de reforma en las pol\u00edticas de profesorado, la conjugaci\u00f3n de diversos modelos de formaci\u00f3n y la importancia de un desarrollo profesional docente diferenciado, heterog\u00e9neo y adaptado a la realidad de los docentes.<\/p>\n<p>Aspiramos a contribuir a la documentaci\u00f3n y la reflexi\u00f3n sobre el desarrollo profesional del profesorado de m\u00fasica, a la vez que a abrir una l\u00ednea de intercambio de experiencias e investigaciones en este \u00e1mbito formativo m\u00e1s all\u00e1 de la realidad nacional.<\/p>\n","protected":false},"featured_media":64982,"comment_status":"open","ping_status":"closed","template":"","meta":{"_et_pb_use_builder":"","_et_pb_old_content":"","_et_gb_content_width":""},"product_cat":[6936,6675],"product_tag":[2602],"edicion":[1083],"editoriales":[1160],"tienda":[],"autor_id":[23372,23374],"universidades_coeditoras":[],"palabras_clave":[],"listado_alfabetico":[],"acf":[],"_links":{"self":[{"href":"https:\/\/wizardly-davinci.82-223-8-23.plesk.page\/en\/wp-json\/wp\/v2\/product\/64980"}],"collection":[{"href":"https:\/\/wizardly-davinci.82-223-8-23.plesk.page\/en\/wp-json\/wp\/v2\/product"}],"about":[{"href":"https:\/\/wizardly-davinci.82-223-8-23.plesk.page\/en\/wp-json\/wp\/v2\/types\/product"}],"replies":[{"embeddable":true,"href":"https:\/\/wizardly-davinci.82-223-8-23.plesk.page\/en\/wp-json\/wp\/v2\/comments?post=64980"}],"wp:featuredmedia":[{"embeddable":true,"href":"https:\/\/wizardly-davinci.82-223-8-23.plesk.page\/en\/wp-json\/wp\/v2\/media\/64982"}],"wp:attachment":[{"href":"https:\/\/wizardly-davinci.82-223-8-23.plesk.page\/en\/wp-json\/wp\/v2\/media?parent=64980"}],"wp:term":[{"taxonomy":"product_cat","embeddable":true,"href":"https:\/\/wizardly-davinci.82-223-8-23.plesk.page\/en\/wp-json\/wp\/v2\/product_cat?post=64980"},{"taxonomy":"product_tag","embeddable":true,"href":"https:\/\/wizardly-davinci.82-223-8-23.plesk.page\/en\/wp-json\/wp\/v2\/product_tag?post=64980"},{"taxonomy":"edicion","embeddable":true,"href":"https:\/\/wizardly-davinci.82-223-8-23.plesk.page\/en\/wp-json\/wp\/v2\/edicion?post=64980"},{"taxonomy":"editoriales","embeddable":true,"href":"https:\/\/wizardly-davinci.82-223-8-23.plesk.page\/en\/wp-json\/wp\/v2\/editoriales?post=64980"},{"taxonomy":"tienda","embeddable":true,"href":"https:\/\/wizardly-davinci.82-223-8-23.plesk.page\/en\/wp-json\/wp\/v2\/tienda?post=64980"},{"taxonomy":"autor_id","embeddable":true,"href":"https:\/\/wizardly-davinci.82-223-8-23.plesk.page\/en\/wp-json\/wp\/v2\/autor_id?post=64980"},{"taxonomy":"universidades_coeditoras","embeddable":true,"href":"https:\/\/wizardly-davinci.82-223-8-23.plesk.page\/en\/wp-json\/wp\/v2\/universidades_coeditoras?post=64980"},{"taxonomy":"palabras_clave","embeddable":true,"href":"https:\/\/wizardly-davinci.82-223-8-23.plesk.page\/en\/wp-json\/wp\/v2\/palabras_clave?post=64980"},{"taxonomy":"listado_alfabetico","embeddable":true,"href":"https:\/\/wizardly-davinci.82-223-8-23.plesk.page\/en\/wp-json\/wp\/v2\/listado_alfabetico?post=64980"}],"curies":[{"name":"wp","href":"https:\/\/api.w.org\/{rel}","templated":true}]}}