{"id":64995,"date":"2023-07-19T16:41:34","date_gmt":"2023-07-19T14:41:34","guid":{"rendered":"https:\/\/octaedro.com\/?post_type=product&#038;p=64995"},"modified":"2023-07-31T10:35:20","modified_gmt":"2023-07-31T08:35:20","slug":"innovacion-en-las-universidades-oportunidades-para-la-transformacion-docente","status":"publish","type":"product","link":"https:\/\/wizardly-davinci.82-223-8-23.plesk.page\/en\/producto\/innovacion-en-las-universidades-oportunidades-para-la-transformacion-docente\/","title":{"rendered":"Innovaci\u00f3n en las universidades: oportunidades para la transformaci\u00f3n docente"},"content":{"rendered":"","protected":false},"excerpt":{"rendered":"<p>En este volumen se presenta una compilaci\u00f3n de los trabajos presentados en las VII Jornadas de Innovaci\u00f3n Docente 2022, <em>Entrenando la mirada anal\u00edtica para la intervenci\u00f3n social: la investigaci\u00f3n en la docencia de las Sociales (#JID2022) <\/em>celebradas en junio de 2022 en la Universidad Pablo de Olavide. El \u00e9nfasis de esta obra recae en las interacciones y fertilizaciones cruzadas entre los campos de la docencia y la investigaci\u00f3n como claves de la innovaci\u00f3n en contextos universitarios. Las aportaciones se han agrupado en cuatro bloques. El primero contiene un grupo de trabajos que relatan experiencias docentes en las que los l\u00edmites del aula y la realidad social se desdibujan. El segundo bloque engloba los trabajos que, de un modo u otro, trascienden los l\u00edmites de las disciplinas acad\u00e9micas para poner sobre la mesa del aula universitaria los saberes, identidades y <em>fondos de conocimiento<\/em> del alumnado en servicio o como base de sus procesos de aprendizaje acad\u00e9mico, est\u00e9n estos relacionados con sus autobiograf\u00edas personales, su corporeidad, las experiencias asociadas a su g\u00e9nero o procedencia cultural, o el contacto y la alteridad con comunidades diversas. El tercer bloque alberga los trabajos que suponen un esfuerzo por visibilizar y atajar las desigualdades de g\u00e9nero a trav\u00e9s de nuestra labor docente e investigadora en el \u00e1mbito de las Ciencias Sociales. El \u00faltimo bloque presenta experiencias de procesos de ense\u00f1anza-aprendizaje donde se explotan las posibilidades de las tecnolog\u00edas de la informaci\u00f3n en la indispensable transformaci\u00f3n de la docencia universitaria.<\/p>\n","protected":false},"featured_media":64996,"comment_status":"open","ping_status":"closed","template":"","meta":{"_et_pb_use_builder":"","_et_pb_old_content":"","_et_gb_content_width":""},"product_cat":[6936,6675],"product_tag":[2602],"edicion":[1083],"editoriales":[1160],"tienda":[],"autor_id":[12656,21038],"universidades_coeditoras":[],"palabras_clave":[],"listado_alfabetico":[],"acf":[],"_links":{"self":[{"href":"https:\/\/wizardly-davinci.82-223-8-23.plesk.page\/en\/wp-json\/wp\/v2\/product\/64995"}],"collection":[{"href":"https:\/\/wizardly-davinci.82-223-8-23.plesk.page\/en\/wp-json\/wp\/v2\/product"}],"about":[{"href":"https:\/\/wizardly-davinci.82-223-8-23.plesk.page\/en\/wp-json\/wp\/v2\/types\/product"}],"replies":[{"embeddable":true,"href":"https:\/\/wizardly-davinci.82-223-8-23.plesk.page\/en\/wp-json\/wp\/v2\/comments?post=64995"}],"wp:featuredmedia":[{"embeddable":true,"href":"https:\/\/wizardly-davinci.82-223-8-23.plesk.page\/en\/wp-json\/wp\/v2\/media\/64996"}],"wp:attachment":[{"href":"https:\/\/wizardly-davinci.82-223-8-23.plesk.page\/en\/wp-json\/wp\/v2\/media?parent=64995"}],"wp:term":[{"taxonomy":"product_cat","embeddable":true,"href":"https:\/\/wizardly-davinci.82-223-8-23.plesk.page\/en\/wp-json\/wp\/v2\/product_cat?post=64995"},{"taxonomy":"product_tag","embeddable":true,"href":"https:\/\/wizardly-davinci.82-223-8-23.plesk.page\/en\/wp-json\/wp\/v2\/product_tag?post=64995"},{"taxonomy":"edicion","embeddable":true,"href":"https:\/\/wizardly-davinci.82-223-8-23.plesk.page\/en\/wp-json\/wp\/v2\/edicion?post=64995"},{"taxonomy":"editoriales","embeddable":true,"href":"https:\/\/wizardly-davinci.82-223-8-23.plesk.page\/en\/wp-json\/wp\/v2\/editoriales?post=64995"},{"taxonomy":"tienda","embeddable":true,"href":"https:\/\/wizardly-davinci.82-223-8-23.plesk.page\/en\/wp-json\/wp\/v2\/tienda?post=64995"},{"taxonomy":"autor_id","embeddable":true,"href":"https:\/\/wizardly-davinci.82-223-8-23.plesk.page\/en\/wp-json\/wp\/v2\/autor_id?post=64995"},{"taxonomy":"universidades_coeditoras","embeddable":true,"href":"https:\/\/wizardly-davinci.82-223-8-23.plesk.page\/en\/wp-json\/wp\/v2\/universidades_coeditoras?post=64995"},{"taxonomy":"palabras_clave","embeddable":true,"href":"https:\/\/wizardly-davinci.82-223-8-23.plesk.page\/en\/wp-json\/wp\/v2\/palabras_clave?post=64995"},{"taxonomy":"listado_alfabetico","embeddable":true,"href":"https:\/\/wizardly-davinci.82-223-8-23.plesk.page\/en\/wp-json\/wp\/v2\/listado_alfabetico?post=64995"}],"curies":[{"name":"wp","href":"https:\/\/api.w.org\/{rel}","templated":true}]}}