{"id":65040,"date":"2023-07-27T13:27:26","date_gmt":"2023-07-27T11:27:26","guid":{"rendered":"https:\/\/octaedro.com\/?post_type=product&#038;p=65040"},"modified":"2023-07-31T13:22:26","modified_gmt":"2023-07-31T11:22:26","slug":"i-congreso-internacional-de-neuropedagogia-de-la-neuroeducacion-a-la-neurodidactica","status":"publish","type":"product","link":"https:\/\/wizardly-davinci.82-223-8-23.plesk.page\/en\/producto\/i-congreso-internacional-de-neuropedagogia-de-la-neuroeducacion-a-la-neurodidactica\/","title":{"rendered":"I Congreso Internacional de Neuropedagog\u00eda. De la Neuroeducaci\u00f3n a la Neurodid\u00e1ctica"},"content":{"rendered":"<p><span data-contrast=\"none\">Esta obra recoge las comunicaciones presentadas en las diferentes mesas tem\u00e1ticas del I Congreso Internacional de Neuropedagog\u00eda: de la Neuroeducaci\u00f3n a la Neurodid\u00e1ctica (Madrid, Espa\u00f1a, octubre del 2022). En setenta y cinco contribuciones que abarcan las siete l\u00edneas tem\u00e1ticas tratadas en el congreso, el lector tendr\u00e1 la oportunidad de acceder a diversas investigaciones y experiencias educativas desarrolladas en universidades y centros educativos de Espa\u00f1a, Brasil y Portugal, adentr\u00e1ndose en el amplio mundo de las pr\u00e1cticas docentes, las experiencias did\u00e1cticas y metodol\u00f3gicas basadas en la aplicaci\u00f3n te\u00f3rico-pr\u00e1ctica de los fundamentos que aporta la neuropedagog\u00eda.<\/span><span data-ccp-props=\"{&quot;134245417&quot;:false,&quot;201341983&quot;:2,&quot;335559731&quot;:0,&quot;335559739&quot;:170,&quot;335559740&quot;:280}\">\u00a0<\/span><\/p>\n<p><span data-contrast=\"none\">Las investigaciones y experiencias did\u00e1cticas compartidas en este libro han sido desarrolladas en diversos \u00e1mbitos educativos, desde la Educaci\u00f3n Infantil y Primaria, la Educaci\u00f3n Secundaria Obligatoria y el Bachillerato. Se espera haber ofrecido un nuevo campo de estudio desde un enfoque metodol\u00f3gico, as\u00ed como soluciones a pr\u00e1cticas docentes, tanto de la ense\u00f1anza como del aprendizaje con base neurocient\u00edfica.<\/span><span data-ccp-props=\"{&quot;134245417&quot;:false,&quot;201341983&quot;:2,&quot;335559731&quot;:0,&quot;335559739&quot;:170,&quot;335559740&quot;:280}\">\u00a0<\/span><\/p>\n","protected":false},"excerpt":{"rendered":"<p><span data-contrast=\"none\">Esta obra recoge las comunicaciones presentadas en las diferentes mesas tem\u00e1ticas del I Congreso Internacional de Neuropedagog\u00eda: de la Neuroeducaci\u00f3n a la Neurodid\u00e1ctica (Madrid, Espa\u00f1a, octubre del 2022). En setenta y cinco contribuciones que abarcan las siete l\u00edneas tem\u00e1ticas tratadas en el congreso, el lector tendr\u00e1 la oportunidad de acceder a diversas investigaciones y experiencias educativas desarrolladas en universidades y centros educativos de Espa\u00f1a, Brasil y Portugal, adentr\u00e1ndose en el amplio mundo de las pr\u00e1cticas docentes, las experiencias did\u00e1cticas y metodol\u00f3gicas basadas en la aplicaci\u00f3n te\u00f3rico-pr\u00e1ctica de los fundamentos que aporta la neuropedagog\u00eda.<\/span><span data-ccp-props=\"{\">\u00a0<\/span><\/p>\n<p><span data-contrast=\"none\">Las investigaciones y experiencias did\u00e1cticas compartidas en este libro han sido desarrolladas en diversos \u00e1mbitos educativos, desde la Educaci\u00f3n Infantil y Primaria, la Educaci\u00f3n Secundaria Obligatoria y el Bachillerato. Se espera haber ofrecido un nuevo campo de estudio desde un enfoque metodol\u00f3gico, as\u00ed como soluciones a pr\u00e1cticas docentes, tanto de la ense\u00f1anza como del aprendizaje con base neurocient\u00edfica.<\/span><span data-ccp-props=\"{\">\u00a0<\/span><\/p>\n","protected":false},"featured_media":65041,"comment_status":"open","ping_status":"closed","template":"","meta":{"_et_pb_use_builder":"","_et_pb_old_content":"","_et_gb_content_width":""},"product_cat":[2873,6673],"product_tag":[7559],"edicion":[1084],"editoriales":[1160],"tienda":[],"autor_id":[],"universidades_coeditoras":[],"palabras_clave":[],"listado_alfabetico":[],"acf":[],"_links":{"self":[{"href":"https:\/\/wizardly-davinci.82-223-8-23.plesk.page\/en\/wp-json\/wp\/v2\/product\/65040"}],"collection":[{"href":"https:\/\/wizardly-davinci.82-223-8-23.plesk.page\/en\/wp-json\/wp\/v2\/product"}],"about":[{"href":"https:\/\/wizardly-davinci.82-223-8-23.plesk.page\/en\/wp-json\/wp\/v2\/types\/product"}],"replies":[{"embeddable":true,"href":"https:\/\/wizardly-davinci.82-223-8-23.plesk.page\/en\/wp-json\/wp\/v2\/comments?post=65040"}],"wp:featuredmedia":[{"embeddable":true,"href":"https:\/\/wizardly-davinci.82-223-8-23.plesk.page\/en\/wp-json\/wp\/v2\/media\/65041"}],"wp:attachment":[{"href":"https:\/\/wizardly-davinci.82-223-8-23.plesk.page\/en\/wp-json\/wp\/v2\/media?parent=65040"}],"wp:term":[{"taxonomy":"product_cat","embeddable":true,"href":"https:\/\/wizardly-davinci.82-223-8-23.plesk.page\/en\/wp-json\/wp\/v2\/product_cat?post=65040"},{"taxonomy":"product_tag","embeddable":true,"href":"https:\/\/wizardly-davinci.82-223-8-23.plesk.page\/en\/wp-json\/wp\/v2\/product_tag?post=65040"},{"taxonomy":"edicion","embeddable":true,"href":"https:\/\/wizardly-davinci.82-223-8-23.plesk.page\/en\/wp-json\/wp\/v2\/edicion?post=65040"},{"taxonomy":"editoriales","embeddable":true,"href":"https:\/\/wizardly-davinci.82-223-8-23.plesk.page\/en\/wp-json\/wp\/v2\/editoriales?post=65040"},{"taxonomy":"tienda","embeddable":true,"href":"https:\/\/wizardly-davinci.82-223-8-23.plesk.page\/en\/wp-json\/wp\/v2\/tienda?post=65040"},{"taxonomy":"autor_id","embeddable":true,"href":"https:\/\/wizardly-davinci.82-223-8-23.plesk.page\/en\/wp-json\/wp\/v2\/autor_id?post=65040"},{"taxonomy":"universidades_coeditoras","embeddable":true,"href":"https:\/\/wizardly-davinci.82-223-8-23.plesk.page\/en\/wp-json\/wp\/v2\/universidades_coeditoras?post=65040"},{"taxonomy":"palabras_clave","embeddable":true,"href":"https:\/\/wizardly-davinci.82-223-8-23.plesk.page\/en\/wp-json\/wp\/v2\/palabras_clave?post=65040"},{"taxonomy":"listado_alfabetico","embeddable":true,"href":"https:\/\/wizardly-davinci.82-223-8-23.plesk.page\/en\/wp-json\/wp\/v2\/listado_alfabetico?post=65040"}],"curies":[{"name":"wp","href":"https:\/\/api.w.org\/{rel}","templated":true}]}}