{"id":65073,"date":"2023-07-31T17:26:00","date_gmt":"2023-07-31T15:26:00","guid":{"rendered":"https:\/\/octaedro.com\/?post_type=product&#038;p=65073"},"modified":"2023-07-31T17:26:37","modified_gmt":"2023-07-31T15:26:37","slug":"guia-para-el-rediseno-curricular-de-la-pedagogia-hospitalaria","status":"publish","type":"product","link":"https:\/\/wizardly-davinci.82-223-8-23.plesk.page\/en\/producto\/guia-para-el-rediseno-curricular-de-la-pedagogia-hospitalaria\/","title":{"rendered":"Gu\u00eda para el redise\u00f1o curricular de la Pedagog\u00eda Hospitalaria"},"content":{"rendered":"","protected":false},"excerpt":{"rendered":"<p><strong>Gu\u00eda para el redise\u00f1o curricular de la Pedagog\u00eda Hospitalaria a trav\u00e9s del modelo de modificabilidad estructural cognitiva de Feuerstein en aulas hospitalarias de Ecuador. <\/strong><\/p>\n<p>Esta gu\u00eda est\u00e1 dirigida a docentes que tienen a su cargo estudiantes de aulas hospitalarias que han interrumpido sus estudios por causa de enfermedad, con el fin de reincorporarlos a sus estudios habituales sin que ocurra retraso escolar. Consideramos que un menor que de alguna manera se encuentra afectado tanto en su vida familiar, social o individual, est\u00e1 pasando por una situaci\u00f3n de rompimiento de su bienestar f\u00edsico, biol\u00f3gico, psicol\u00f3gico o espiritual y, debe considerarse, por lo tanto, objeto de trabajo de las aulas hospitalarias (seg\u00fan el concepto de salud de la OMS de 1948: \u00abLa salud es un estado de completo bienestar f\u00edsico, mental y social, y no solamente la ausencia de afecciones o enfermedades\u00bb). Esto amplia el \u00e1mbito de acci\u00f3n estas aulas a cualquier lugar donde las y los menores se encuentren aislados por causa de enfermedad o desastre y ampl\u00eda los escenarios de intervenci\u00f3n, ya sean el hospital, una instituci\u00f3n o su sitio de vivienda. Siendo as\u00ed, consideramos que se requiere de una propuesta te\u00f3rica y pr\u00e1ctica que permita trabajar sobre las potencialidades de las personas que atraviesan momentos dif\u00edciles de su vida, como es la enfermedad, en cualquiera de sus manifestaciones, es por esto que proponemos la Teor\u00eda de la Modificabilidad Cognitiva Estructural de Reuven Feuerstein (1921-2014), educador judeo-rumano, como una alternativa \u00fatil a seguir ya que considera que todas la personas, sin importar las circunstancias, si se las expone a los est\u00edmulos adecuados y a la intervenci\u00f3n de un buen mediador, puede mejorar su potencial de aprendizaje y desarrollarlo. Se otorga al maestro una gran responsabilidad, pues Feuerstein lo considera el principal agente de cambio y transformaci\u00f3n de estructuras deficientes cuando existen dificultades de aprendizaje, y exige de este una preparaci\u00f3n espec\u00edfica.<\/p>\n<p>Proponemos esta gu\u00eda como un est\u00edmulo para seguir el camino de la modificabilidad cognitiva y una ayuda para su puesta en pr\u00e1ctica.<\/p>\n","protected":false},"featured_media":65074,"comment_status":"open","ping_status":"closed","template":"","meta":{"_et_pb_use_builder":"","_et_pb_old_content":"","_et_gb_content_width":""},"product_cat":[6675,2642],"product_tag":[2602],"edicion":[1083],"editoriales":[1160],"tienda":[],"autor_id":[23396,23398,23394],"universidades_coeditoras":[],"palabras_clave":[],"listado_alfabetico":[],"acf":[],"_links":{"self":[{"href":"https:\/\/wizardly-davinci.82-223-8-23.plesk.page\/en\/wp-json\/wp\/v2\/product\/65073"}],"collection":[{"href":"https:\/\/wizardly-davinci.82-223-8-23.plesk.page\/en\/wp-json\/wp\/v2\/product"}],"about":[{"href":"https:\/\/wizardly-davinci.82-223-8-23.plesk.page\/en\/wp-json\/wp\/v2\/types\/product"}],"replies":[{"embeddable":true,"href":"https:\/\/wizardly-davinci.82-223-8-23.plesk.page\/en\/wp-json\/wp\/v2\/comments?post=65073"}],"wp:featuredmedia":[{"embeddable":true,"href":"https:\/\/wizardly-davinci.82-223-8-23.plesk.page\/en\/wp-json\/wp\/v2\/media\/65074"}],"wp:attachment":[{"href":"https:\/\/wizardly-davinci.82-223-8-23.plesk.page\/en\/wp-json\/wp\/v2\/media?parent=65073"}],"wp:term":[{"taxonomy":"product_cat","embeddable":true,"href":"https:\/\/wizardly-davinci.82-223-8-23.plesk.page\/en\/wp-json\/wp\/v2\/product_cat?post=65073"},{"taxonomy":"product_tag","embeddable":true,"href":"https:\/\/wizardly-davinci.82-223-8-23.plesk.page\/en\/wp-json\/wp\/v2\/product_tag?post=65073"},{"taxonomy":"edicion","embeddable":true,"href":"https:\/\/wizardly-davinci.82-223-8-23.plesk.page\/en\/wp-json\/wp\/v2\/edicion?post=65073"},{"taxonomy":"editoriales","embeddable":true,"href":"https:\/\/wizardly-davinci.82-223-8-23.plesk.page\/en\/wp-json\/wp\/v2\/editoriales?post=65073"},{"taxonomy":"tienda","embeddable":true,"href":"https:\/\/wizardly-davinci.82-223-8-23.plesk.page\/en\/wp-json\/wp\/v2\/tienda?post=65073"},{"taxonomy":"autor_id","embeddable":true,"href":"https:\/\/wizardly-davinci.82-223-8-23.plesk.page\/en\/wp-json\/wp\/v2\/autor_id?post=65073"},{"taxonomy":"universidades_coeditoras","embeddable":true,"href":"https:\/\/wizardly-davinci.82-223-8-23.plesk.page\/en\/wp-json\/wp\/v2\/universidades_coeditoras?post=65073"},{"taxonomy":"palabras_clave","embeddable":true,"href":"https:\/\/wizardly-davinci.82-223-8-23.plesk.page\/en\/wp-json\/wp\/v2\/palabras_clave?post=65073"},{"taxonomy":"listado_alfabetico","embeddable":true,"href":"https:\/\/wizardly-davinci.82-223-8-23.plesk.page\/en\/wp-json\/wp\/v2\/listado_alfabetico?post=65073"}],"curies":[{"name":"wp","href":"https:\/\/api.w.org\/{rel}","templated":true}]}}