{"id":65081,"date":"2023-07-31T18:20:27","date_gmt":"2023-07-31T16:20:27","guid":{"rendered":"https:\/\/octaedro.com\/?post_type=product&#038;p=65081"},"modified":"2023-07-31T18:21:02","modified_gmt":"2023-07-31T16:21:02","slug":"ecos-artisticos-literarios-y-educativos-en-las-identidades-de-genero","status":"publish","type":"product","link":"https:\/\/wizardly-davinci.82-223-8-23.plesk.page\/en\/producto\/ecos-artisticos-literarios-y-educativos-en-las-identidades-de-genero\/","title":{"rendered":"Ecos art\u00edsticos, literarios y educativos en las identidades de g\u00e9nero"},"content":{"rendered":"","protected":false},"excerpt":{"rendered":"<p>Este libro recoge parte de los resultados obtenidos en el proyecto I+D+i <em>Literatura y arte como elementos conformadores de la identidad desde el siglo XVIII a la actualidad: fronteras, simbiosis y cambio cultural<\/em> (FEDER Andaluc\u00eda). Este estudio, abordado desde una perspectiva interdisciplinar e internacional, ha pretendido ahondar en la construcci\u00f3n de la identidad de g\u00e9nero a trav\u00e9s de las producciones culturales (artes pl\u00e1sticas, m\u00fasica, literatura, cine, etc.), educativas (legislaci\u00f3n, material educativo, etc.) y nuevos medios (redes sociales y materiales audiovisuales) que se han generado desde la Antig\u00fcedad y que han perpetuado hasta nuestros d\u00edas ciertos roles y estereotipos asociados al sexo y al g\u00e9nero. Tambi\u00e9n se han incluido cuestiones relacionadas con el patrimonio inmaterial, la expresi\u00f3n de g\u00e9nero, etc. El trabajo, que se ha elaborado no solo con una visi\u00f3n feminista, sino desde la interseccionalidad, tiene su centro en Europa, pero tambi\u00e9n trata aspectos vinculados al continente americano, Asia y \u00c1frica.<\/p>\n<p>Confiamos en que estas p\u00e1ginas estimulen a quien las lea a reflexionar sobre c\u00f3mo el mundo en el que vivimos es fruto de conceptos que nacieron hace miles de a\u00f1os y a mirar las im\u00e1genes que se nos presentan a diario con ojos atentos y reflexivos. Asimismo, esperamos favorecer el desarrollo de otros estudios en esta l\u00ednea, tan relevante para lograr una sociedad m\u00e1s inclusiva, emp\u00e1tica y consciente de sus decisiones, tal y como recomiendan organismos como la Unesco o la ONU, que incluye entre sus objetivos de desarrollo sostenible la igualdad de g\u00e9nero.<\/p>\n","protected":false},"featured_media":65082,"comment_status":"open","ping_status":"closed","template":"","meta":{"_et_pb_use_builder":"","_et_pb_old_content":"","_et_gb_content_width":""},"product_cat":[6675,2642],"product_tag":[2602],"edicion":[1083],"editoriales":[1160],"tienda":[],"autor_id":[23406,23408],"universidades_coeditoras":[],"palabras_clave":[],"listado_alfabetico":[],"acf":[],"_links":{"self":[{"href":"https:\/\/wizardly-davinci.82-223-8-23.plesk.page\/en\/wp-json\/wp\/v2\/product\/65081"}],"collection":[{"href":"https:\/\/wizardly-davinci.82-223-8-23.plesk.page\/en\/wp-json\/wp\/v2\/product"}],"about":[{"href":"https:\/\/wizardly-davinci.82-223-8-23.plesk.page\/en\/wp-json\/wp\/v2\/types\/product"}],"replies":[{"embeddable":true,"href":"https:\/\/wizardly-davinci.82-223-8-23.plesk.page\/en\/wp-json\/wp\/v2\/comments?post=65081"}],"wp:featuredmedia":[{"embeddable":true,"href":"https:\/\/wizardly-davinci.82-223-8-23.plesk.page\/en\/wp-json\/wp\/v2\/media\/65082"}],"wp:attachment":[{"href":"https:\/\/wizardly-davinci.82-223-8-23.plesk.page\/en\/wp-json\/wp\/v2\/media?parent=65081"}],"wp:term":[{"taxonomy":"product_cat","embeddable":true,"href":"https:\/\/wizardly-davinci.82-223-8-23.plesk.page\/en\/wp-json\/wp\/v2\/product_cat?post=65081"},{"taxonomy":"product_tag","embeddable":true,"href":"https:\/\/wizardly-davinci.82-223-8-23.plesk.page\/en\/wp-json\/wp\/v2\/product_tag?post=65081"},{"taxonomy":"edicion","embeddable":true,"href":"https:\/\/wizardly-davinci.82-223-8-23.plesk.page\/en\/wp-json\/wp\/v2\/edicion?post=65081"},{"taxonomy":"editoriales","embeddable":true,"href":"https:\/\/wizardly-davinci.82-223-8-23.plesk.page\/en\/wp-json\/wp\/v2\/editoriales?post=65081"},{"taxonomy":"tienda","embeddable":true,"href":"https:\/\/wizardly-davinci.82-223-8-23.plesk.page\/en\/wp-json\/wp\/v2\/tienda?post=65081"},{"taxonomy":"autor_id","embeddable":true,"href":"https:\/\/wizardly-davinci.82-223-8-23.plesk.page\/en\/wp-json\/wp\/v2\/autor_id?post=65081"},{"taxonomy":"universidades_coeditoras","embeddable":true,"href":"https:\/\/wizardly-davinci.82-223-8-23.plesk.page\/en\/wp-json\/wp\/v2\/universidades_coeditoras?post=65081"},{"taxonomy":"palabras_clave","embeddable":true,"href":"https:\/\/wizardly-davinci.82-223-8-23.plesk.page\/en\/wp-json\/wp\/v2\/palabras_clave?post=65081"},{"taxonomy":"listado_alfabetico","embeddable":true,"href":"https:\/\/wizardly-davinci.82-223-8-23.plesk.page\/en\/wp-json\/wp\/v2\/listado_alfabetico?post=65081"}],"curies":[{"name":"wp","href":"https:\/\/api.w.org\/{rel}","templated":true}]}}