{"id":65094,"date":"2023-08-01T13:33:24","date_gmt":"2023-08-01T11:33:24","guid":{"rendered":"https:\/\/octaedro.com\/?post_type=product&#038;p=65094"},"modified":"2023-08-01T13:35:18","modified_gmt":"2023-08-01T11:35:18","slug":"miradas-diversas-para-la-escuela-que-deseamos-coeducacion-inclusiva-con-artes","status":"publish","type":"product","link":"https:\/\/wizardly-davinci.82-223-8-23.plesk.page\/en\/producto\/miradas-diversas-para-la-escuela-que-deseamos-coeducacion-inclusiva-con-artes\/","title":{"rendered":"Miradas diversas para la escuela que deseamos: coeducaci\u00f3n inclusiva con artes"},"content":{"rendered":"","protected":false},"excerpt":{"rendered":"<p>Un reto pedag\u00f3gico actual es lograr entornos educativos que fomenten la igualdad en la diversidad, para la convivencia pac\u00edfica de personas de todos los g\u00e9neros, edades, clases sociales, culturas, religiones, orientaciones sexuales y capacidades. El conocimiento de nuestras identidades y el respeto a todas ellas es clave para este fin. Alcanzarlo pasa por una implicaci\u00f3n de toda la comunidad educativa, que revise sus concepciones y pr\u00e1cticas cotidianas.<\/p>\n<p>Este libro es un apoyo para observar los problemas identitarios que nos preocupan en las escuelas e institutos y, a partir de esta reflexi\u00f3n, promover entornos m\u00e1s coeducativos e inclusivos. La perspectiva feminista y la teor\u00eda de la interseccionalidad pueden ayudar a la comunidad educativa a evaluar qu\u00e9 valores desean compartir el profesorado, el alumnado y las familias.<\/p>\n<p>En su primera parte, la obra busca suscitar el pensamiento cr\u00edtico planteando revisiones de los usos de diferentes espacios como los patios, las bibliotecas, los ba\u00f1os, los vestuarios, los comedores o las aulas, as\u00ed como las violencias directas, culturales, simb\u00f3licas y estructurales que subyacen en estas tradiciones. En su segunda parte, a modo de gu\u00eda, re\u00fane propuestas pedag\u00f3gicas para abordar en el aula cuestiones de identidad con alumnado infantil y juvenil en la prevenci\u00f3n de conflictos. Las actividades que se ofrecen est\u00e1n fundamentadas en aportaciones de la educaci\u00f3n art\u00edstica y se basan, sobre todo, en m\u00e9todos de trabajo colaborativo y aprendizaje activo.<\/p>\n","protected":false},"featured_media":65101,"comment_status":"open","ping_status":"closed","template":"","meta":{"_et_pb_use_builder":"","_et_pb_old_content":"","_et_gb_content_width":""},"product_cat":[6675,2642],"product_tag":[2602],"edicion":[1083],"editoriales":[1160],"tienda":[],"autor_id":[23412],"universidades_coeditoras":[],"palabras_clave":[],"listado_alfabetico":[],"acf":[],"_links":{"self":[{"href":"https:\/\/wizardly-davinci.82-223-8-23.plesk.page\/en\/wp-json\/wp\/v2\/product\/65094"}],"collection":[{"href":"https:\/\/wizardly-davinci.82-223-8-23.plesk.page\/en\/wp-json\/wp\/v2\/product"}],"about":[{"href":"https:\/\/wizardly-davinci.82-223-8-23.plesk.page\/en\/wp-json\/wp\/v2\/types\/product"}],"replies":[{"embeddable":true,"href":"https:\/\/wizardly-davinci.82-223-8-23.plesk.page\/en\/wp-json\/wp\/v2\/comments?post=65094"}],"wp:featuredmedia":[{"embeddable":true,"href":"https:\/\/wizardly-davinci.82-223-8-23.plesk.page\/en\/wp-json\/wp\/v2\/media\/65101"}],"wp:attachment":[{"href":"https:\/\/wizardly-davinci.82-223-8-23.plesk.page\/en\/wp-json\/wp\/v2\/media?parent=65094"}],"wp:term":[{"taxonomy":"product_cat","embeddable":true,"href":"https:\/\/wizardly-davinci.82-223-8-23.plesk.page\/en\/wp-json\/wp\/v2\/product_cat?post=65094"},{"taxonomy":"product_tag","embeddable":true,"href":"https:\/\/wizardly-davinci.82-223-8-23.plesk.page\/en\/wp-json\/wp\/v2\/product_tag?post=65094"},{"taxonomy":"edicion","embeddable":true,"href":"https:\/\/wizardly-davinci.82-223-8-23.plesk.page\/en\/wp-json\/wp\/v2\/edicion?post=65094"},{"taxonomy":"editoriales","embeddable":true,"href":"https:\/\/wizardly-davinci.82-223-8-23.plesk.page\/en\/wp-json\/wp\/v2\/editoriales?post=65094"},{"taxonomy":"tienda","embeddable":true,"href":"https:\/\/wizardly-davinci.82-223-8-23.plesk.page\/en\/wp-json\/wp\/v2\/tienda?post=65094"},{"taxonomy":"autor_id","embeddable":true,"href":"https:\/\/wizardly-davinci.82-223-8-23.plesk.page\/en\/wp-json\/wp\/v2\/autor_id?post=65094"},{"taxonomy":"universidades_coeditoras","embeddable":true,"href":"https:\/\/wizardly-davinci.82-223-8-23.plesk.page\/en\/wp-json\/wp\/v2\/universidades_coeditoras?post=65094"},{"taxonomy":"palabras_clave","embeddable":true,"href":"https:\/\/wizardly-davinci.82-223-8-23.plesk.page\/en\/wp-json\/wp\/v2\/palabras_clave?post=65094"},{"taxonomy":"listado_alfabetico","embeddable":true,"href":"https:\/\/wizardly-davinci.82-223-8-23.plesk.page\/en\/wp-json\/wp\/v2\/listado_alfabetico?post=65094"}],"curies":[{"name":"wp","href":"https:\/\/api.w.org\/{rel}","templated":true}]}}