{"id":65110,"date":"2023-08-01T16:53:05","date_gmt":"2023-08-01T14:53:05","guid":{"rendered":"https:\/\/octaedro.com\/?post_type=product&#038;p=65110"},"modified":"2023-08-01T16:53:39","modified_gmt":"2023-08-01T14:53:39","slug":"la-potencia-educativa-de-la-relacion","status":"publish","type":"product","link":"https:\/\/wizardly-davinci.82-223-8-23.plesk.page\/en\/producto\/la-potencia-educativa-de-la-relacion\/","title":{"rendered":"La potencia educativa de la relaci\u00f3n"},"content":{"rendered":"","protected":false},"excerpt":{"rendered":"<p>El 7 y 8 de octubre de 2022, la Universidad Francisco de Vitoria celebr\u00f3 el I Congreso Internacional: \u00abLa potencia educativa de la relaci\u00f3n\u00bb. Este volumen recoge los res\u00famenes de las ponencias de un n\u00famero importante de profesores e investigadores de diversos pa\u00edses que han profundizado sobre la importancia y la pr\u00e1ctica de la relaci\u00f3n en el \u00e1mbito educativo. Como se se\u00f1ala en la presentaci\u00f3n del Congreso: \u00abLa relaci\u00f3n es clave para la educaci\u00f3n: cuidarla, preservarla, hacerla crecer\u2026 Y todo esto pasa por entenderla, por conocer su dinamismo, sus resortes\u2026 Si la relaci\u00f3n es el suelo firme sobre el que acontece la educaci\u00f3n, quiz\u00e1 la raz\u00f3n por la que la educaci\u00f3n tantas veces enferma, hasta el punto de hacernos hablar en ocasiones de una aut\u00e9ntica <em>emergencia educativa<\/em>, es porque falta o vacila ese suelo firme\u00bb.<\/p>\n<p>\u00abLa forma concreta como nuestro congreso propone asumir este paradigma de la relacionalidad es implantar en la universidad, as\u00ed como en cualquier otra etapa acad\u00e9mica, una <em>cultura del acompa\u00f1amiento<\/em>.<\/p>\n<p>Nuestro congreso quiere proponer el acompa\u00f1amiento como el estilo o esp\u00edritu llamado a animar e inspirar cada experiencia formativa. Acompa\u00f1ar significa estar dispuesto a avanzar con el otro por el camino del aprendizaje, de la investigaci\u00f3n y de la maduraci\u00f3n personal. Ahora bien, caminar juntos no quiere decir avanzar en paralelo, ni simplemente trabajar juntos, sino que implica un radical ponerse en juego, una arriesgada y generosa salida de uno mismo, que lleven a un aut\u00e9ntico encuentro personal y comunitario\u00bb.<\/p>\n","protected":false},"featured_media":65117,"comment_status":"open","ping_status":"closed","template":"","meta":{"_et_pb_use_builder":"","_et_pb_old_content":"","_et_gb_content_width":""},"product_cat":[6675,2642,9825],"product_tag":[2602],"edicion":[1083],"editoriales":[1160],"tienda":[],"autor_id":[23025,23415],"universidades_coeditoras":[],"palabras_clave":[],"listado_alfabetico":[],"acf":[],"_links":{"self":[{"href":"https:\/\/wizardly-davinci.82-223-8-23.plesk.page\/en\/wp-json\/wp\/v2\/product\/65110"}],"collection":[{"href":"https:\/\/wizardly-davinci.82-223-8-23.plesk.page\/en\/wp-json\/wp\/v2\/product"}],"about":[{"href":"https:\/\/wizardly-davinci.82-223-8-23.plesk.page\/en\/wp-json\/wp\/v2\/types\/product"}],"replies":[{"embeddable":true,"href":"https:\/\/wizardly-davinci.82-223-8-23.plesk.page\/en\/wp-json\/wp\/v2\/comments?post=65110"}],"wp:featuredmedia":[{"embeddable":true,"href":"https:\/\/wizardly-davinci.82-223-8-23.plesk.page\/en\/wp-json\/wp\/v2\/media\/65117"}],"wp:attachment":[{"href":"https:\/\/wizardly-davinci.82-223-8-23.plesk.page\/en\/wp-json\/wp\/v2\/media?parent=65110"}],"wp:term":[{"taxonomy":"product_cat","embeddable":true,"href":"https:\/\/wizardly-davinci.82-223-8-23.plesk.page\/en\/wp-json\/wp\/v2\/product_cat?post=65110"},{"taxonomy":"product_tag","embeddable":true,"href":"https:\/\/wizardly-davinci.82-223-8-23.plesk.page\/en\/wp-json\/wp\/v2\/product_tag?post=65110"},{"taxonomy":"edicion","embeddable":true,"href":"https:\/\/wizardly-davinci.82-223-8-23.plesk.page\/en\/wp-json\/wp\/v2\/edicion?post=65110"},{"taxonomy":"editoriales","embeddable":true,"href":"https:\/\/wizardly-davinci.82-223-8-23.plesk.page\/en\/wp-json\/wp\/v2\/editoriales?post=65110"},{"taxonomy":"tienda","embeddable":true,"href":"https:\/\/wizardly-davinci.82-223-8-23.plesk.page\/en\/wp-json\/wp\/v2\/tienda?post=65110"},{"taxonomy":"autor_id","embeddable":true,"href":"https:\/\/wizardly-davinci.82-223-8-23.plesk.page\/en\/wp-json\/wp\/v2\/autor_id?post=65110"},{"taxonomy":"universidades_coeditoras","embeddable":true,"href":"https:\/\/wizardly-davinci.82-223-8-23.plesk.page\/en\/wp-json\/wp\/v2\/universidades_coeditoras?post=65110"},{"taxonomy":"palabras_clave","embeddable":true,"href":"https:\/\/wizardly-davinci.82-223-8-23.plesk.page\/en\/wp-json\/wp\/v2\/palabras_clave?post=65110"},{"taxonomy":"listado_alfabetico","embeddable":true,"href":"https:\/\/wizardly-davinci.82-223-8-23.plesk.page\/en\/wp-json\/wp\/v2\/listado_alfabetico?post=65110"}],"curies":[{"name":"wp","href":"https:\/\/api.w.org\/{rel}","templated":true}]}}