{"id":65132,"date":"2023-08-01T18:22:01","date_gmt":"2023-08-01T16:22:01","guid":{"rendered":"https:\/\/octaedro.com\/?post_type=product&#038;p=65132"},"modified":"2023-08-04T18:44:27","modified_gmt":"2023-08-04T16:44:27","slug":"redes-sociales-y-formacion-del-profesorado","status":"publish","type":"product","link":"https:\/\/wizardly-davinci.82-223-8-23.plesk.page\/en\/producto\/redes-sociales-y-formacion-del-profesorado\/","title":{"rendered":"Redes sociales y formaci\u00f3n del profesorado"},"content":{"rendered":"","protected":false},"excerpt":{"rendered":"<p>En la era digital, las redes sociales han revolucionado la forma en que nos comunicamos y compartimos informaci\u00f3n, desempe\u00f1ando un papel cada vez m\u00e1s relevante en el estudio del desarrollo profesional docente. En este libro, expertos en el campo de la educaci\u00f3n exploran las implicaciones de estas plataformas en el \u00e1mbito educativo y de aprendizaje del profesorado. Desde el punto de vista del desarrollo profesional docente, se examina c\u00f3mo las redes sociales han transformado la forma en que los docentes acceden a recursos educativos y colaboran entre s\u00ed, mejorando as\u00ed su pr\u00e1ctica pedag\u00f3gica. Adem\u00e1s, se explora el surgimiento de figuras influyentes conocidas como \u00ab<em>influencers<\/em> educativos\u00bb, cuya presencia en las redes sociales est\u00e1 cambiando el panorama profesional de los educadores.<\/p>\n<p>Asimismo, se abordan los nuevos contextos que se est\u00e1n generando para el aprendizaje profesional, analizando el nivel de implicaci\u00f3n de los docentes y destacando c\u00f3mo esta red social puede ser aprovechada como un entorno para el aprendizaje y la colaboraci\u00f3n. Y se explora el uso de software para el an\u00e1lisis de redes sociales y se profundiza en los diferentes roles de participaci\u00f3n en estas plataformas, brindando herramientas y metodolog\u00edas para comprender mejor las din\u00e1micas de las comunidades en l\u00ednea. Adem\u00e1s de las redes sociales m\u00e1s populares, se examina el potencial de plataformas de mensajer\u00eda como Telegram como espacios para el aprendizaje informal y el intercambio de conocimientos entre los docentes. El libro tambi\u00e9n dedica un cap\u00edtulo al an\u00e1lisis de las comunidades de Facebook centradas en el autismo, resaltando el potencial de las redes sociales para proporcionar apoyo y recursos a las personas involucradas en el \u00e1mbito del autismo.<\/p>\n","protected":false},"featured_media":65135,"comment_status":"open","ping_status":"closed","template":"","meta":{"_et_pb_use_builder":"","_et_pb_old_content":"","_et_gb_content_width":""},"product_cat":[2873,6673],"product_tag":[7559],"edicion":[1084],"editoriales":[1160],"tienda":[],"autor_id":[22363,22361],"universidades_coeditoras":[],"palabras_clave":[],"listado_alfabetico":[],"acf":[],"_links":{"self":[{"href":"https:\/\/wizardly-davinci.82-223-8-23.plesk.page\/en\/wp-json\/wp\/v2\/product\/65132"}],"collection":[{"href":"https:\/\/wizardly-davinci.82-223-8-23.plesk.page\/en\/wp-json\/wp\/v2\/product"}],"about":[{"href":"https:\/\/wizardly-davinci.82-223-8-23.plesk.page\/en\/wp-json\/wp\/v2\/types\/product"}],"replies":[{"embeddable":true,"href":"https:\/\/wizardly-davinci.82-223-8-23.plesk.page\/en\/wp-json\/wp\/v2\/comments?post=65132"}],"wp:featuredmedia":[{"embeddable":true,"href":"https:\/\/wizardly-davinci.82-223-8-23.plesk.page\/en\/wp-json\/wp\/v2\/media\/65135"}],"wp:attachment":[{"href":"https:\/\/wizardly-davinci.82-223-8-23.plesk.page\/en\/wp-json\/wp\/v2\/media?parent=65132"}],"wp:term":[{"taxonomy":"product_cat","embeddable":true,"href":"https:\/\/wizardly-davinci.82-223-8-23.plesk.page\/en\/wp-json\/wp\/v2\/product_cat?post=65132"},{"taxonomy":"product_tag","embeddable":true,"href":"https:\/\/wizardly-davinci.82-223-8-23.plesk.page\/en\/wp-json\/wp\/v2\/product_tag?post=65132"},{"taxonomy":"edicion","embeddable":true,"href":"https:\/\/wizardly-davinci.82-223-8-23.plesk.page\/en\/wp-json\/wp\/v2\/edicion?post=65132"},{"taxonomy":"editoriales","embeddable":true,"href":"https:\/\/wizardly-davinci.82-223-8-23.plesk.page\/en\/wp-json\/wp\/v2\/editoriales?post=65132"},{"taxonomy":"tienda","embeddable":true,"href":"https:\/\/wizardly-davinci.82-223-8-23.plesk.page\/en\/wp-json\/wp\/v2\/tienda?post=65132"},{"taxonomy":"autor_id","embeddable":true,"href":"https:\/\/wizardly-davinci.82-223-8-23.plesk.page\/en\/wp-json\/wp\/v2\/autor_id?post=65132"},{"taxonomy":"universidades_coeditoras","embeddable":true,"href":"https:\/\/wizardly-davinci.82-223-8-23.plesk.page\/en\/wp-json\/wp\/v2\/universidades_coeditoras?post=65132"},{"taxonomy":"palabras_clave","embeddable":true,"href":"https:\/\/wizardly-davinci.82-223-8-23.plesk.page\/en\/wp-json\/wp\/v2\/palabras_clave?post=65132"},{"taxonomy":"listado_alfabetico","embeddable":true,"href":"https:\/\/wizardly-davinci.82-223-8-23.plesk.page\/en\/wp-json\/wp\/v2\/listado_alfabetico?post=65132"}],"curies":[{"name":"wp","href":"https:\/\/api.w.org\/{rel}","templated":true}]}}