{"id":65141,"date":"2023-08-01T18:36:48","date_gmt":"2023-08-01T16:36:48","guid":{"rendered":"https:\/\/octaedro.com\/?post_type=product&#038;p=65141"},"modified":"2023-08-01T18:42:19","modified_gmt":"2023-08-01T16:42:19","slug":"actas-del-congreso-redes-sociales-y-formacion-del-profesorado","status":"publish","type":"product","link":"https:\/\/wizardly-davinci.82-223-8-23.plesk.page\/en\/producto\/actas-del-congreso-redes-sociales-y-formacion-del-profesorado\/","title":{"rendered":"Actas del Congreso \u00abRedes Sociales y Formaci\u00f3n del Profesorado\u00bb"},"content":{"rendered":"","protected":false},"excerpt":{"rendered":"<p>En la era digital en la que vivimos, las redes sociales han transformado la forma en que nos comunicamos, interactuamos y compartimos informaci\u00f3n. Estas plataformas en l\u00ednea han alcanzado una enorme popularidad y se han convertido en una parte integral de la vida cotidiana de millones de personas en todo el mundo. Sin embargo, su potencial va m\u00e1s all\u00e1 de las interacciones personales y el entretenimiento. Las redes sociales tambi\u00e9n est\u00e1n dejando su huella en el \u00e1mbito educativo, ofreciendo nuevas oportunidades para la formaci\u00f3n y el desarrollo profesional de los docentes.<\/p>\n<p>Este libro se adentra en el mundo de las redes sociales y su relaci\u00f3n con la formaci\u00f3n docente. A trav\u00e9s de sus p\u00e1ginas, exploraremos c\u00f3mo estas plataformas pueden ser aprovechadas de manera efectiva para fortalecer la pr\u00e1ctica educativa, fomentar la colaboraci\u00f3n entre profesores y potenciar el aprendizaje en el aula. Veremos c\u00f3mo facilitan la colaboraci\u00f3n y el intercambio de ideas entre docentes, permitiendo el acceso a recursos educativos de calidad y fomentando la creaci\u00f3n de comunidades de aprendizaje en l\u00ednea. A lo largo de los cap\u00edtulos se presentan estudios emp\u00edricos, enfoques te\u00f3ricos y reflexiones pr\u00e1cticas sobre el tema. Adem\u00e1s, se abordan temas como el desarrollo de comunidades de aprendizaje en l\u00ednea, la creaci\u00f3n de redes profesionales a trav\u00e9s de plataformas sociales y el uso de herramientas digitales para el desarrollo de habilidades pedag\u00f3gicas.<\/p>\n","protected":false},"featured_media":65142,"comment_status":"open","ping_status":"closed","template":"","meta":{"_et_pb_use_builder":"","_et_pb_old_content":"","_et_gb_content_width":""},"product_cat":[2873,6673],"product_tag":[7559],"edicion":[1084],"editoriales":[1160],"tienda":[],"autor_id":[22363,22361],"universidades_coeditoras":[],"palabras_clave":[],"listado_alfabetico":[],"acf":[],"_links":{"self":[{"href":"https:\/\/wizardly-davinci.82-223-8-23.plesk.page\/en\/wp-json\/wp\/v2\/product\/65141"}],"collection":[{"href":"https:\/\/wizardly-davinci.82-223-8-23.plesk.page\/en\/wp-json\/wp\/v2\/product"}],"about":[{"href":"https:\/\/wizardly-davinci.82-223-8-23.plesk.page\/en\/wp-json\/wp\/v2\/types\/product"}],"replies":[{"embeddable":true,"href":"https:\/\/wizardly-davinci.82-223-8-23.plesk.page\/en\/wp-json\/wp\/v2\/comments?post=65141"}],"wp:featuredmedia":[{"embeddable":true,"href":"https:\/\/wizardly-davinci.82-223-8-23.plesk.page\/en\/wp-json\/wp\/v2\/media\/65142"}],"wp:attachment":[{"href":"https:\/\/wizardly-davinci.82-223-8-23.plesk.page\/en\/wp-json\/wp\/v2\/media?parent=65141"}],"wp:term":[{"taxonomy":"product_cat","embeddable":true,"href":"https:\/\/wizardly-davinci.82-223-8-23.plesk.page\/en\/wp-json\/wp\/v2\/product_cat?post=65141"},{"taxonomy":"product_tag","embeddable":true,"href":"https:\/\/wizardly-davinci.82-223-8-23.plesk.page\/en\/wp-json\/wp\/v2\/product_tag?post=65141"},{"taxonomy":"edicion","embeddable":true,"href":"https:\/\/wizardly-davinci.82-223-8-23.plesk.page\/en\/wp-json\/wp\/v2\/edicion?post=65141"},{"taxonomy":"editoriales","embeddable":true,"href":"https:\/\/wizardly-davinci.82-223-8-23.plesk.page\/en\/wp-json\/wp\/v2\/editoriales?post=65141"},{"taxonomy":"tienda","embeddable":true,"href":"https:\/\/wizardly-davinci.82-223-8-23.plesk.page\/en\/wp-json\/wp\/v2\/tienda?post=65141"},{"taxonomy":"autor_id","embeddable":true,"href":"https:\/\/wizardly-davinci.82-223-8-23.plesk.page\/en\/wp-json\/wp\/v2\/autor_id?post=65141"},{"taxonomy":"universidades_coeditoras","embeddable":true,"href":"https:\/\/wizardly-davinci.82-223-8-23.plesk.page\/en\/wp-json\/wp\/v2\/universidades_coeditoras?post=65141"},{"taxonomy":"palabras_clave","embeddable":true,"href":"https:\/\/wizardly-davinci.82-223-8-23.plesk.page\/en\/wp-json\/wp\/v2\/palabras_clave?post=65141"},{"taxonomy":"listado_alfabetico","embeddable":true,"href":"https:\/\/wizardly-davinci.82-223-8-23.plesk.page\/en\/wp-json\/wp\/v2\/listado_alfabetico?post=65141"}],"curies":[{"name":"wp","href":"https:\/\/api.w.org\/{rel}","templated":true}]}}